{"id":187,"date":"2012-01-07T10:46:49","date_gmt":"2012-01-07T10:46:49","guid":{"rendered":"http:\/\/at.rechtsinfokollektiv.org\/?page_id=187"},"modified":"2021-12-08T20:28:27","modified_gmt":"2021-12-08T19:28:27","slug":"bei-der-demo-demo-teilnahme","status":"publish","type":"page","link":"https:\/\/at.rechtsinfokollektiv.org\/?page_id=187","title":{"rendered":"Teilnahme auf einer Demo oder Versammlung"},"content":{"rendered":"<h2>Bei der Demo<\/h2>\n<p><a title=\"Vermummungs- und Waffenverbot\" href=\"https:\/\/at.rechtsinfokollektiv.org\/?page_id=296\">Vermummungs- und Waffenverbot<\/a><\/p>\n<p><a title=\"Auf der Demo selbst filmen und fotografieren\" href=\"https:\/\/at.rechtsinfokollektiv.org\/?page_id=235\">Auf der Demo selbst filmen und fotografieren<\/a><br \/>\nSoll ich auf einer Demo filmen oder fotografieren? Was muss ich bei der Ver\u00f6ffentlichung im Internet beachten?<\/p>\n<p><a title=\"Spontandemonstration\" href=\"https:\/\/at.rechtsinfokollektiv.org\/?page_id=228\">Spontandemonstration<\/a><br \/>\nSind spontante Demos illegal? Was sollte ich \u00fcber Spontandemos wissen?<\/p>\n<p><a title=\"Aufl\u00f6sung einer Demo und Konsequenzen\" href=\"https:\/\/at.rechtsinfokollektiv.org\/?page_id=240\">Aufl\u00f6sung einer Demo und Konsequenzen<\/a><br \/>\nWann kann eine Demo aufgel\u00f6st werden? Wie wird das gemacht? Und was sind die Folgen einer Aufl\u00f6sung?<\/p>\n<p><a title=\"Rechtshilfe\" href=\"https:\/\/at.rechtsinfokollektiv.org\/?page_id=531\" target=\"_blank\" rel=\"noopener\">Rechtshilfe<\/a><br \/>\nWas ist eine Rechtshilfe? Wann soll ich sie anrufen?<\/p>\n<h2><strong>Was darf die Polizei auf der Demo?<\/strong><\/h2>\n<p><a title=\"Personenkontrollen und Befehle\" href=\"https:\/\/at.rechtsinfokollektiv.org\/?page_id=577\">Personenkontrollen und Befehle<\/a><\/p>\n<ul>\n<li>Auskunft Verlangen: <em>Muss ich antworten, wenn mich die Polizei was fragt?<\/em><\/li>\n<li>Identit\u00e4tsfeststellung: <em>Darf die Polizei meine Identit\u00e4t kontrollieren?<\/em><\/li>\n<li>Wegweisen: <em>Darf mir die Polizei befehlen weg zu gehen?<\/em><\/li>\n<\/ul>\n<p><a title=\"Durchsuchung und Beschlagnahmung\" href=\"https:\/\/at.rechtsinfokollektiv.org\/?page_id=575\">Durchsuchung und Beschlagnahmung<\/a><\/p>\n<ul>\n<li>Personen- Kleidungsdurchsuchung: <em>Darf die Polizei mich und meinen Rucksack durchsuchen?<\/em><\/li>\n<li>Beschlagnahmung (Gegenst\u00e4nde Wegnehmen):<em> Darf die Polizei mir Sachen wegnehmen?<\/em><\/li>\n<li>Waffen- und Vermummungsverbot<\/li>\n<\/ul>\n<p><a title=\"Festnahme\" href=\"https:\/\/at.rechtsinfokollektiv.org\/?page_id=242\">Festnahme<\/a><em><br \/>\nWann kann mich die Polizei festnehmen? Was mach ich bei einer Festnahme?<\/em><\/p>\n<p><a title=\"Aussageverweigerung\" href=\"https:\/\/at.rechtsinfokollektiv.org\/?page_id=244\">Aussageverweigerung<\/a><br \/>\n<em>Anna und Arthur haltens Maul \u2013 Macht bei Polizei und Staatsanwaltschaft keine Aussage!<\/em><\/p>\n<p>Wie \u00fcberwacht die Polizei die Versammlung?<\/p>\n<ul>\n<li><a title=\"Zivis auf der Demo\" href=\"https:\/\/at.rechtsinfokollektiv.org\/?page_id=440\">Zivilpolizist*innen auf der Demo<\/a><br \/>\n<em>Warum sind Zivis auf Demos und erkenne ich die \u00fcberhaupt?<\/em><\/li>\n<li><a title=\"Foto- und Video\u00fcberwachung auf Demos\" href=\"https:\/\/at.rechtsinfokollektiv.org\/?page_id=326\">Foto- und Video\u00fcberwachung auf Demos<\/a><em><br \/>\nWerde ich auf Demos von der Polizei gefilmt?<\/em><\/li>\n<li><a title=\"\u00dcberwachung mit IMSI Catchern\" href=\"https:\/\/at.rechtsinfokollektiv.org\/?page_id=435\">\u00dcberwachung mit IMSI Catchern<\/a><br \/>\n<em> Ist ein Handy auf einer Demo gef\u00e4hrlich? H\u00f6rt die Polizei auf Demos Handys ab?<\/em><\/li>\n<\/ul>\n","protected":false},"excerpt":{"rendered":"<p>Bei der Demo Vermummungs- und Waffenverbot Auf der Demo selbst filmen und fotografieren Soll ich auf einer Demo filmen oder fotografieren? Was muss ich bei der Ver\u00f6ffentlichung im Internet beachten? Spontandemonstration Sind spontante Demos illegal? Was sollte ich \u00fcber Spontandemos wissen? Aufl\u00f6sung einer Demo und Konsequenzen Wann kann eine Demo aufgel\u00f6st werden? Wie wird das &hellip; <a href=\"https:\/\/at.rechtsinfokollektiv.org\/?page_id=187\" class=\"more-link\"><span class=\"screen-reader-text\">Teilnahme auf einer Demo oder Versammlung<\/span> weiterlesen <span class=\"meta-nav\">&rarr;<\/span><\/a><\/p>\n","protected":false},"author":1,"featured_media":0,"parent":182,"menu_order":0,"comment_status":"open","ping_status":"open","template":"","meta":{"footnotes":""},"class_list":["post-187","page","type-page","status-publish","hentry"],"_links":{"self":[{"href":"https:\/\/at.rechtsinfokollektiv.org\/index.php?rest_route=\/wp\/v2\/pages\/187","targetHints":{"allow":["GET"]}}],"collection":[{"href":"https:\/\/at.rechtsinfokollektiv.org\/index.php?rest_route=\/wp\/v2\/pages"}],"about":[{"href":"https:\/\/at.rechtsinfokollektiv.org\/index.php?rest_route=\/wp\/v2\/types\/page"}],"author":[{"embeddable":true,"href":"https:\/\/at.rechtsinfokollektiv.org\/index.php?rest_route=\/wp\/v2\/users\/1"}],"replies":[{"embeddable":true,"href":"https:\/\/at.rechtsinfokollektiv.org\/index.php?rest_route=%2Fwp%2Fv2%2Fcomments&post=187"}],"version-history":[{"count":6,"href":"https:\/\/at.rechtsinfokollektiv.org\/index.php?rest_route=\/wp\/v2\/pages\/187\/revisions"}],"predecessor-version":[{"id":3452,"href":"https:\/\/at.rechtsinfokollektiv.org\/index.php?rest_route=\/wp\/v2\/pages\/187\/revisions\/3452"}],"up":[{"embeddable":true,"href":"https:\/\/at.rechtsinfokollektiv.org\/index.php?rest_route=\/wp\/v2\/pages\/182"}],"wp:attachment":[{"href":"https:\/\/at.rechtsinfokollektiv.org\/index.php?rest_route=%2Fwp%2Fv2%2Fmedia&parent=187"}],"curies":[{"name":"wp","href":"https:\/\/api.w.org\/{rel}","templated":true}]}}