{"id":206,"date":"2012-01-07T23:57:18","date_gmt":"2012-01-07T23:57:18","guid":{"rendered":"http:\/\/at.rechtsinfokollektiv.org\/?page_id=206"},"modified":"2021-05-09T12:36:23","modified_gmt":"2021-05-09T10:36:23","slug":"gedachtnisprotokoll","status":"publish","type":"page","link":"https:\/\/at.rechtsinfokollektiv.org\/?page_id=206","title":{"rendered":"Ged\u00e4chtnisprotokoll"},"content":{"rendered":"<p>Ein Ged\u00e4chtnisprotokoll ist eine Zusammenfassung von bestimmten Ereignissen und dient als Ged\u00e4chtnisst\u00fctze. So kann mensch sich auch noch Jahre nach einem Vorfall an die Ereignisse erinnern.<\/p>\n<p>Ein Ged\u00e4chtnisprotokoll sollte daher m\u00f6glichst schnell bzw zeitnahe nach dem Vorfall geschrieben werden. Sp\u00e4ter wird eure Erinnerung bereits deutlich verblasst (Kurzzeitged\u00e4chtnis) bzw durch Schilderungen anderer beeinflusst sein. Ged\u00e4chtnisprotokolle k\u00f6nnen f\u00fcr Betroffene oder Zeug_innen zur Vorbereitung auf eine eventuelle <a title=\"Verwaltungsstrafverfahren\" href=\"http:\/\/at.rechtsinfokollektiv.org\/rechtsinfo\/demo-teilnahme\/nach-der-demo-demo-teilnahme\/verwaltungsstrafverfahren\/\" target=\"_blank\" rel=\"noopener\">Verhandlung<\/a> verwendet werden.<\/p>\n<p>Ged\u00e4chtnisprotokolle sind nur f\u00fcr dich selbst gedacht und sollten daher entsprechend sicher aufbewahrt werden. Ged\u00e4chtnisprotokolle geh\u00f6ren deswegen auf keinen Fall ins Internet und sollten in ausgedruckter Form nicht unachtsam herum liegen. Per Email sollten Protokolle nur in verschl\u00fcsselter Form verschickt werden.<\/p>\n<h3><strong>Weitergabe?<\/strong><\/h3>\n<p>Ged\u00e4chtnisprotokolle sind grunds\u00e4tzlich nur f\u00fcr dich selbst als Erinnerungshilfe bestimmt. Eine Weitergabe solltest du nur machen, wenn dir (als Verfasser_in) oder anderen daraus keine juristischen Nachteile drohen und euch der oder die Empf\u00e4nger_in zusichert, das Protokoll nicht ohne eure Zustimmung weiter zu geben. Du solltet das Protokoll auch nur an vertrauensw\u00fcrdige Personen wie der <a title=\"Rechtshilfe\" href=\"http:\/\/at.rechtsinfokollektiv.org\/rechtsinfo\/demo-teilnahme\/bei-der-demo-demo-teilnahme\/rechtshilfe\/\" target=\"_blank\" rel=\"noopener\">Rechtshilfe<\/a> oder deine_r Anw\u00e4lt_innen weitergeben und nur wenn diese dein Protokoll auch tats\u00e4chlich brauchen. Du kannst auch nur Ausz\u00fcge oder anonymisierte Ged\u00e4chtnisprotokolle weitergeben.<\/p>\n<h3><strong>Inhalt<\/strong><\/h3>\n<p>Das Protokoll ist immer subjektiv und ein Bericht wie ihr den Vorfall wahrgenommen habt. Das Ged\u00e4chtnisprotokoll sollte jedoch nichts Belastendes enthalten &#8211; weder \u00fcber dich noch \u00fcber andere.<\/p>\n<p>Versucht die Ereignisse und das Erlebte m\u00f6glichst einfach Schritt f\u00fcr Schritt zu beschreiben und va wichtige Momente m\u00f6glichst genau zu festzuhalten. Es ist auch wichtig festzuhalten wo und wann dies passiert ist. Deine Anfrufliste auf deinem Handy, SMS oder die Zeitangaben auf Photos und Filmen k\u00f6nnen hier ebenfalls helfen den Ablauf zu rekonstruieren. Notiert auch Details oder Besonderes wie Wortfetzen, Bekleidungen, Fotograf_innen, Zeug_innen, Polizeieinheit, Dienstnummer etc.<\/p>\n<p><strong>Ein Ged\u00e4chtnisprotokoll sollte auf keinen Fall belastendes enthalten!<\/strong> Es ist nicht f\u00fcr die Medienarbeit gedacht, muss keine_n \u00fcberzeugen und bedarf keiner Rechtfertigung oder politischen Erkl\u00e4rungen.<\/p>\n<p><em>Als Grundlage f\u00fcr diesen Artikel diente der <a title=\"Text der Autonomen Rechtshilfe Linz\" href=\"https:\/\/rechtshilfe.servus.at\/content\/ged%C3%A4chtnisprotokoll\" target=\"_blank\" rel=\"noopener\">Text der Autonomen Rechtshilfe Linz<\/a>.<\/em><\/p>\n","protected":false},"excerpt":{"rendered":"<p>Ein Ged\u00e4chtnisprotokoll ist eine Zusammenfassung von bestimmten Ereignissen und dient als Ged\u00e4chtnisst\u00fctze. So kann mensch sich auch noch Jahre nach einem Vorfall an die Ereignisse erinnern. Ein Ged\u00e4chtnisprotokoll sollte daher m\u00f6glichst schnell bzw zeitnahe nach dem Vorfall geschrieben werden. Sp\u00e4ter wird eure Erinnerung bereits deutlich verblasst (Kurzzeitged\u00e4chtnis) bzw durch Schilderungen anderer beeinflusst sein. Ged\u00e4chtnisprotokolle k\u00f6nnen &hellip; <a href=\"https:\/\/at.rechtsinfokollektiv.org\/?page_id=206\" class=\"more-link\"><span class=\"screen-reader-text\">Ged\u00e4chtnisprotokoll<\/span> weiterlesen <span class=\"meta-nav\">&rarr;<\/span><\/a><\/p>\n","protected":false},"author":1,"featured_media":0,"parent":185,"menu_order":0,"comment_status":"closed","ping_status":"open","template":"","meta":{"footnotes":""},"class_list":["post-206","page","type-page","status-publish","hentry"],"_links":{"self":[{"href":"https:\/\/at.rechtsinfokollektiv.org\/index.php?rest_route=\/wp\/v2\/pages\/206","targetHints":{"allow":["GET"]}}],"collection":[{"href":"https:\/\/at.rechtsinfokollektiv.org\/index.php?rest_route=\/wp\/v2\/pages"}],"about":[{"href":"https:\/\/at.rechtsinfokollektiv.org\/index.php?rest_route=\/wp\/v2\/types\/page"}],"author":[{"embeddable":true,"href":"https:\/\/at.rechtsinfokollektiv.org\/index.php?rest_route=\/wp\/v2\/users\/1"}],"replies":[{"embeddable":true,"href":"https:\/\/at.rechtsinfokollektiv.org\/index.php?rest_route=%2Fwp%2Fv2%2Fcomments&post=206"}],"version-history":[{"count":1,"href":"https:\/\/at.rechtsinfokollektiv.org\/index.php?rest_route=\/wp\/v2\/pages\/206\/revisions"}],"predecessor-version":[{"id":3203,"href":"https:\/\/at.rechtsinfokollektiv.org\/index.php?rest_route=\/wp\/v2\/pages\/206\/revisions\/3203"}],"up":[{"embeddable":true,"href":"https:\/\/at.rechtsinfokollektiv.org\/index.php?rest_route=\/wp\/v2\/pages\/185"}],"wp:attachment":[{"href":"https:\/\/at.rechtsinfokollektiv.org\/index.php?rest_route=%2Fwp%2Fv2%2Fmedia&parent=206"}],"curies":[{"name":"wp","href":"https:\/\/api.w.org\/{rel}","templated":true}]}}