{"id":2137,"date":"2015-07-04T14:09:39","date_gmt":"2015-07-04T14:09:39","guid":{"rendered":"http:\/\/at.rechtsinfokollektiv.org\/?page_id=2137"},"modified":"2021-12-09T15:34:23","modified_gmt":"2021-12-09T14:34:23","slug":"strafverfugung","status":"publish","type":"page","link":"https:\/\/at.rechtsinfokollektiv.org\/?page_id=2137","title":{"rendered":"Was ist eine Strafverf\u00fcgung?"},"content":{"rendered":"<p style=\"text-align: justify;\">Die Strafverf\u00fcgung ist das Ergebnis eines abgek\u00fcrzten Verwaltungsstrafverfahrens (\u00a7\u00a7 47, 48 VStG). Dabei handelt es sich um einen Bescheid, der ohne vorangehendes (\u201cordentliches\u201d) Ermittlungsverfahren von der Beh\u00f6rde (z.B. Polizei, Magistrate) erlassenen wird. Die Beh\u00f6rde kann damit ohne weiteres Verfahren eine Geldstrafe bis max. 600 Euro, einschlie\u00dflich einer entsprechenden Ersatzfreiheitsstrafe verh\u00e4ngen. Erl\u00e4sst eine Beh\u00f6rde in einer Ausfertigung mehrere Strafverf\u00fcgungen nebeneinander, so gilt die H\u00f6chstgrenze nur f\u00fcr das Ausma\u00df jeder Einzelstrafe.<\/p>\n<p style=\"text-align: justify;\">Ersatzfreiheitsstrafe bedeutet jedoch nicht, dass ihr die Wahl habt, ob ihr die Strafe bezahlen oder absitzen wollt. Sie kommt nur zu tragen, wenn ihr nicht in der Lage seid, die Strafe zu bezahlen, was in der Praxis nur vorkommt, wenn ihr wenig Geld zum Leben habt. Es kann sein, dass die Beh\u00f6rde vorher versucht die Strafe mittels Exekution einzutreiben.<\/p>\n<p style=\"text-align: justify;\">Das Rechtsmittel gegen eine Strafverf\u00fcgung ist der Einspruch.<strong> Die Frist f\u00fcr den<a title=\"Einspruch gegen die Strafverf\u00fcgung\" href=\"https:\/\/at.rechtsinfokollektiv.org\/?page_id=2141\"> Einspruch<\/a> betr\u00e4gt 2 Wochen ab <a href=\"https:\/\/at.rechtsinfokollektiv.org\/?page_id=2365\">Zustellung<\/a>!<\/strong><\/p>\n<p style=\"text-align: justify;\">In letzter Zeit verzichtet die Polizei oft auf die M\u00f6glichkeit des \u201eabgek\u00fcrzte Verfahrens\u201c und beginnt gleich mit dem \u201eordentlichen\u201c Ermittlungsverfahren (siehe dazu ab <a title=\"Aufforderung zur Rechtfertigung\" href=\"https:\/\/at.rechtsinfokollektiv.org\/?page_id=2151\">\u201eAufforderung zur Rechtfertigung\u201c<\/a>)<\/p>\n\n\n<p><\/p>\n","protected":false},"excerpt":{"rendered":"<p>Die Strafverf\u00fcgung ist das Ergebnis eines abgek\u00fcrzten Verwaltungsstrafverfahrens (\u00a7\u00a7 47, 48 VStG). Dabei handelt es sich um einen Bescheid, der ohne vorangehendes (\u201cordentliches\u201d) Ermittlungsverfahren von der Beh\u00f6rde (z.B. Polizei, Magistrate) erlassenen wird. Die Beh\u00f6rde kann damit ohne weiteres Verfahren eine Geldstrafe bis max. 600 Euro, einschlie\u00dflich einer entsprechenden Ersatzfreiheitsstrafe verh\u00e4ngen. Erl\u00e4sst eine Beh\u00f6rde in einer &hellip; <a href=\"https:\/\/at.rechtsinfokollektiv.org\/?page_id=2137\" class=\"more-link\"><span class=\"screen-reader-text\">Was ist eine Strafverf\u00fcgung?<\/span> weiterlesen <span class=\"meta-nav\">&rarr;<\/span><\/a><\/p>\n","protected":false},"author":1,"featured_media":0,"parent":2127,"menu_order":3,"comment_status":"closed","ping_status":"closed","template":"","meta":{"footnotes":""},"class_list":["post-2137","page","type-page","status-publish","hentry"],"_links":{"self":[{"href":"https:\/\/at.rechtsinfokollektiv.org\/index.php?rest_route=\/wp\/v2\/pages\/2137","targetHints":{"allow":["GET"]}}],"collection":[{"href":"https:\/\/at.rechtsinfokollektiv.org\/index.php?rest_route=\/wp\/v2\/pages"}],"about":[{"href":"https:\/\/at.rechtsinfokollektiv.org\/index.php?rest_route=\/wp\/v2\/types\/page"}],"author":[{"embeddable":true,"href":"https:\/\/at.rechtsinfokollektiv.org\/index.php?rest_route=\/wp\/v2\/users\/1"}],"replies":[{"embeddable":true,"href":"https:\/\/at.rechtsinfokollektiv.org\/index.php?rest_route=%2Fwp%2Fv2%2Fcomments&post=2137"}],"version-history":[{"count":3,"href":"https:\/\/at.rechtsinfokollektiv.org\/index.php?rest_route=\/wp\/v2\/pages\/2137\/revisions"}],"predecessor-version":[{"id":3466,"href":"https:\/\/at.rechtsinfokollektiv.org\/index.php?rest_route=\/wp\/v2\/pages\/2137\/revisions\/3466"}],"up":[{"embeddable":true,"href":"https:\/\/at.rechtsinfokollektiv.org\/index.php?rest_route=\/wp\/v2\/pages\/2127"}],"wp:attachment":[{"href":"https:\/\/at.rechtsinfokollektiv.org\/index.php?rest_route=%2Fwp%2Fv2%2Fmedia&parent=2137"}],"curies":[{"name":"wp","href":"https:\/\/api.w.org\/{rel}","templated":true}]}}