{"id":218,"date":"2012-01-07T23:58:09","date_gmt":"2012-01-07T23:58:09","guid":{"rendered":"http:\/\/at.rechtsinfokollektiv.org\/?page_id=218"},"modified":"2020-08-05T00:21:33","modified_gmt":"2020-08-04T22:21:33","slug":"beschwerde-gegen-polizei","status":"publish","type":"page","link":"https:\/\/at.rechtsinfokollektiv.org\/?page_id=218","title":{"rendered":"Beschwerde gegen Polizei"},"content":{"rendered":"<p>Geschrieben von Stefan H.<\/p>\n<p>Du hast verschiedene M\u00f6glichkeiten dich rechtlich gegen unrechtm\u00e4\u00dfiges Verhalten der Polizei zu wehren. Oft gehst du damit aber auch ein finanzielles und\/oder rechtliches Risiko ein. In der Praxis haben Beschwerden gegen die Polizei leider oft wenig Erfolg. Wir empfehlen daher eine Beschwerde oder Anzeige mit einer <a title=\"Rechtshilfe\" href=\"http:\/\/at.rechtsinfokollektiv.org\/rechtsinfo\/demo-teilnahme\/bei-der-demo-demo-teilnahme\/rechtshilfe\/\" target=\"_blank\" rel=\"noopener noreferrer\">Rechtshilfe<\/a> oder Anw\u00e4lt_in zu besprechen bevor du sie erhebst. Beschwerden haben nur Aussicht auf Erfolg, wenn du den \u00dcbergriff durch die Polizei sehr gut beweisen kannst. Andernfalls setzt du dich nur durch leichtfertig erhobene Beschwerden zus\u00e4tzlicher Repression aus.<\/p>\n<p>Wir empfehlen aber in jedem Fall \u00dcbergriffe und Verletzungen m\u00f6glichst bald per <a title=\"Ged\u00e4chtnisprotokoll\" href=\"https:\/\/at.rechtsinfokollektiv.org\/?page_id=206\" target=\"_blank\" rel=\"noopener noreferrer\">Ged\u00e4chtnisprotokoll<\/a>, Fotos und Zeug_innen f\u00fcr dich zu dokumentieren. Ob du dann Beschwerde erhebst oder nicht, kannst du dann noch immer sp\u00e4ter entscheiden.<\/p>\n<p>Folgende rechtliche M\u00f6glichkeiten hast du beispielsweise dich gegen Vorgehen der Polizei zu beschweren:<\/p>\n<ul>\n<li><a href=\"https:\/\/at.rechtsinfokollektiv.org\/?page_id=343\">Ma\u00dfnahmenbeschwerde<\/a><\/li>\n<li><a href=\"https:\/\/at.rechtsinfokollektiv.org\/?page_id=353\">Anzeige<\/a><\/li>\n<\/ul>\n","protected":false},"excerpt":{"rendered":"<p>Geschrieben von Stefan H. Du hast verschiedene M\u00f6glichkeiten dich rechtlich gegen unrechtm\u00e4\u00dfiges Verhalten der Polizei zu wehren. Oft gehst du damit aber auch ein finanzielles und\/oder rechtliches Risiko ein. In der Praxis haben Beschwerden gegen die Polizei leider oft wenig Erfolg. Wir empfehlen daher eine Beschwerde oder Anzeige mit einer Rechtshilfe oder Anw\u00e4lt_in zu besprechen &hellip; <a href=\"https:\/\/at.rechtsinfokollektiv.org\/?page_id=218\" class=\"more-link\"><span class=\"screen-reader-text\">Beschwerde gegen Polizei<\/span> weiterlesen <span class=\"meta-nav\">&rarr;<\/span><\/a><\/p>\n","protected":false},"author":1,"featured_media":0,"parent":185,"menu_order":0,"comment_status":"open","ping_status":"open","template":"","meta":{"footnotes":""},"class_list":["post-218","page","type-page","status-publish","hentry"],"_links":{"self":[{"href":"https:\/\/at.rechtsinfokollektiv.org\/index.php?rest_route=\/wp\/v2\/pages\/218","targetHints":{"allow":["GET"]}}],"collection":[{"href":"https:\/\/at.rechtsinfokollektiv.org\/index.php?rest_route=\/wp\/v2\/pages"}],"about":[{"href":"https:\/\/at.rechtsinfokollektiv.org\/index.php?rest_route=\/wp\/v2\/types\/page"}],"author":[{"embeddable":true,"href":"https:\/\/at.rechtsinfokollektiv.org\/index.php?rest_route=\/wp\/v2\/users\/1"}],"replies":[{"embeddable":true,"href":"https:\/\/at.rechtsinfokollektiv.org\/index.php?rest_route=%2Fwp%2Fv2%2Fcomments&post=218"}],"version-history":[{"count":2,"href":"https:\/\/at.rechtsinfokollektiv.org\/index.php?rest_route=\/wp\/v2\/pages\/218\/revisions"}],"predecessor-version":[{"id":3031,"href":"https:\/\/at.rechtsinfokollektiv.org\/index.php?rest_route=\/wp\/v2\/pages\/218\/revisions\/3031"}],"up":[{"embeddable":true,"href":"https:\/\/at.rechtsinfokollektiv.org\/index.php?rest_route=\/wp\/v2\/pages\/185"}],"wp:attachment":[{"href":"https:\/\/at.rechtsinfokollektiv.org\/index.php?rest_route=%2Fwp%2Fv2%2Fmedia&parent=218"}],"curies":[{"name":"wp","href":"https:\/\/api.w.org\/{rel}","templated":true}]}}