{"id":2186,"date":"2015-07-05T17:19:00","date_gmt":"2015-07-05T17:19:00","guid":{"rendered":"http:\/\/at.rechtsinfokollektiv.org\/?page_id=2186"},"modified":"2017-06-11T12:42:27","modified_gmt":"2017-06-11T10:42:27","slug":"landfriedenbruch","status":"publish","type":"page","link":"https:\/\/at.rechtsinfokollektiv.org\/?page_id=2186","title":{"rendered":"Landfriedensbruch"},"content":{"rendered":"<p>&#8212;-Alte Rechtslage!&#8212;-<\/p>\n<p><em>(1) Wer wissentlich an einer Zusammenrottung einer Menschenmenge teilnimmt, die darauf abzielt, da\u00df unter ihrem Einflu\u00df ein Mord (\u00a775), ein Totschlag (\u00a776), eine K\u00f6rperverletzung (\u00a7\u00a783 bis 87) oder eine schwere Sachbesch\u00e4digung (\u00a7126) begangen werde, ist, wenn es zu einer solchen Gewalttat gekommen ist, mit Freiheitsstrafe bis zu zwei Jahren zu bestrafen<\/em><\/p>\n<p><em>(2) Wer an der Zusammenrottung f\u00fchrend teilnimmt oder als Teilnehmer eine der im Abs. 1 angef\u00fchrten strafbaren Handlungen ausf\u00fchrt oder zu ihrer Ausf\u00fchrung beigetragen hat (\u00a712), ist mit Freiheitsstrafe bis zu drei Jahren zu bestrafen.<\/em><\/p>\n<p><em>(3) Nach Abs. 1 ist nicht zu bestrafen, wer sich freiwillig aus der Zusammenrottung zur\u00fcckzieht oder ernstlich zur\u00fcckzuziehen sucht, bevor sie zu einer Gewaltanwendung gef\u00fchrt hat, es sei denn, da\u00df er an der Zusammenrottung f\u00fchrend teilgenommen hat.<\/em><\/p>\n<p style=\"text-align: justify;\">Um nach \u00a7 274 bestraft zu werden, m\u00fcssen folgende Voraussetzungen vorliegen:<\/p>\n<p style=\"text-align: justify;\">Eine \u201eZusammenrottung\u201c<\/p>\n<p style=\"text-align: justify;\">So wird die gewaltbereite Menschenmenge genannt, die nach diesem Tatbestand vorliegen muss. Diese Menge muss aus ca. 100 Menschen bestehen, auch 80-90 k\u00f6nnen vermutlich ausreichen, laut dem Oberlandesgericht Innsbruck sind allerdings 40 Personen jedenfalls zu wenig.<\/p>\n<p style=\"text-align: justify;\">Au\u00dferdem muss die &#8222;Gewalt&#8220;bereitschaft der \u201eZusammenrottung\u201c nach au\u00dfen treten. Das hei\u00dft, es muss durch Ansprachen, Parolen oder durch sonstiges Verhalten klar sein, dass die Menschenansammlung nicht &#8222;friedlich&#8220; ist.<\/p>\n<p style=\"text-align: justify;\">Vorsatz<\/p>\n<p style=\"text-align: justify;\">Die beschuldigte Person muss den Vorsatz haben, gerade mit Hilfe der Menge eine K\u00f6rperverletzung, eine schwere Sachbesch\u00e4digung \u2013 z.B. jede Sachbesch\u00e4digung an Dingen der Polizei, oder an Sachen mit einem Wert \u00fcber 3000\u20ac -, Mord oder Totschlag zu begehen.<\/p>\n<p style=\"text-align: justify;\">Diese Tat muss auch tats\u00e4chlich begangen worden sein. Wenn also z.B. die Sachbesch\u00e4digung nur versucht wurde und nie wirklich passiert ist, kann man auch nicht wegen versuchtem Landfriedensbruch bestraft werden.<\/p>\n<p style=\"text-align: justify;\">Nicht bestraft werden k\u00f6nnen Beistehende, Ersthelfer_innen, oder Personen, die von der Straftat gar nichts wissen.<\/p>\n<p style=\"text-align: justify;\">St\u00e4rker bestraft k\u00f6nnen jedoch Personen werden, die die Straftat selbst ausf\u00fchren, oder die \u201ef\u00fchrend\u201c daran teilnehmen. Das sind die sogenannten \u201eR\u00e4dlsf\u00fchrer\u201c.<\/p>\n<p style=\"text-align: justify;\">Typische Gefahr<\/p>\n<p style=\"text-align: justify;\">Der Sinn dieses Paragraphen ist, eine Tat zu bestrafen, welche die \u201etypische Gefahr einer Zusammenrottung\u201c verwirklicht. Das hei\u00dft, zwischen der Tat (K\u00f6rperverletzung, Sachbesch\u00e4digung, etc.) und der Menschenmenge muss ein Zusammenhang bestehen, z.B. dadurch, dass die Menge den T\u00e4ter oder die T\u00e4terin sch\u00fctzt und der Polizei den Weg versperrt.<\/p>\n<p style=\"text-align: justify;\"><strong>Dieser Text bezieht sich auf die alte Gesetzteslage.\u00a0 Der \u00a7 274 wurde mittlerweile ge\u00e4ndert. Auf der Seite der Rechtshilfe Rapid findet sich eine Stellungnahme zu dem Inhalt des neuen Paragraphen:<a href=\"http:\/\/www.rechtshilfe-rapid.at\/\"> http:\/\/www.rechtshilfe-rapid.at\/ <\/a><\/strong><\/p>\n<p style=\"text-align: justify;\"><strong>Den Text findet ihr unter: &#8222;Nationalrat beschloss die Versch\u00e4rfung des umstrittenen \u00a7 274 StGB&#8220;<\/strong><\/p>\n","protected":false},"excerpt":{"rendered":"<p>&#8212;-Alte Rechtslage!&#8212;- (1) Wer wissentlich an einer Zusammenrottung einer Menschenmenge teilnimmt, die darauf abzielt, da\u00df unter ihrem Einflu\u00df ein Mord (\u00a775), ein Totschlag (\u00a776), eine K\u00f6rperverletzung (\u00a7\u00a783 bis 87) oder eine schwere Sachbesch\u00e4digung (\u00a7126) begangen werde, ist, wenn es zu einer solchen Gewalttat gekommen ist, mit Freiheitsstrafe bis zu zwei Jahren zu bestrafen (2) Wer &hellip; <a href=\"https:\/\/at.rechtsinfokollektiv.org\/?page_id=2186\" class=\"more-link\"><span class=\"screen-reader-text\">Landfriedensbruch<\/span> weiterlesen <span class=\"meta-nav\">&rarr;<\/span><\/a><\/p>\n","protected":false},"author":1,"featured_media":0,"parent":1836,"menu_order":4,"comment_status":"closed","ping_status":"closed","template":"","meta":{"footnotes":""},"class_list":["post-2186","page","type-page","status-publish","hentry"],"_links":{"self":[{"href":"https:\/\/at.rechtsinfokollektiv.org\/index.php?rest_route=\/wp\/v2\/pages\/2186","targetHints":{"allow":["GET"]}}],"collection":[{"href":"https:\/\/at.rechtsinfokollektiv.org\/index.php?rest_route=\/wp\/v2\/pages"}],"about":[{"href":"https:\/\/at.rechtsinfokollektiv.org\/index.php?rest_route=\/wp\/v2\/types\/page"}],"author":[{"embeddable":true,"href":"https:\/\/at.rechtsinfokollektiv.org\/index.php?rest_route=\/wp\/v2\/users\/1"}],"replies":[{"embeddable":true,"href":"https:\/\/at.rechtsinfokollektiv.org\/index.php?rest_route=%2Fwp%2Fv2%2Fcomments&post=2186"}],"version-history":[{"count":2,"href":"https:\/\/at.rechtsinfokollektiv.org\/index.php?rest_route=\/wp\/v2\/pages\/2186\/revisions"}],"predecessor-version":[{"id":2817,"href":"https:\/\/at.rechtsinfokollektiv.org\/index.php?rest_route=\/wp\/v2\/pages\/2186\/revisions\/2817"}],"up":[{"embeddable":true,"href":"https:\/\/at.rechtsinfokollektiv.org\/index.php?rest_route=\/wp\/v2\/pages\/1836"}],"wp:attachment":[{"href":"https:\/\/at.rechtsinfokollektiv.org\/index.php?rest_route=%2Fwp%2Fv2%2Fmedia&parent=2186"}],"curies":[{"name":"wp","href":"https:\/\/api.w.org\/{rel}","templated":true}]}}