{"id":224,"date":"2012-01-08T00:01:21","date_gmt":"2012-01-08T00:01:21","guid":{"rendered":"http:\/\/at.rechtsinfokollektiv.org\/?page_id=224"},"modified":"2021-12-08T19:04:20","modified_gmt":"2021-12-08T18:04:20","slug":"was-sollte-ich-auf-einer-demo-nicht-mitnehmen","status":"publish","type":"page","link":"https:\/\/at.rechtsinfokollektiv.org\/?page_id=224","title":{"rendered":"Was sollte ich auf einer Demo (nicht) mitnehmen?"},"content":{"rendered":"<h3><strong>Was du auf jeden Fall Mitnehmen solltest<\/strong><\/h3>\n<p>Wenn du zu einer Demo gehst, trage am besten praktische, bequeme Kleidung, sowie festes und bequemes Schuhwerk. Du solltest gen\u00fcgend zu trinken und zu essen dabei haben. Es kann unter Umst\u00e4nden passieren, dass du w\u00e4hrend einer Demo keine M\u00f6glichkeit hast, dir diese Dinge zu besorgen. Nimm auf jeden Fall eine Plastikflasche. Es kann passieren, dass die Polizei dir die Glasflasche abnimmt. Stift und Papier k\u00f6nnen dazu dienen wichtige Details zu notieren und auch ein Stadtplan kann hilfreich sein. Mit einem wasserfesten schwarzen Edding-Stift kannst du dir die <a title=\"Rechtshilfe\" href=\"https:\/\/at.rechtsinfokollektiv.org\/?page_id=531\" target=\"_blank\" rel=\"noopener\">Rechtshilfe-Nummer<\/a> auf dem Arm oder Unterschenkel notieren. So hast du die Nummer in jedem Fall, solltest du sie brauchen.<\/p>\n<p>Wenn du Medikamente brauchst, dann stecke diese unbedingt in ausreichender Menge ein und zeige deiner Bezugsgruppe wo sie sich befinden, damit sie dir im Zweifel diese schnell geben k\u00f6nnen. Nimm lieber eine Brille statt Kontaktlinsen, da es passieren kann, dass du Kontaktlinsen verlierst. Au\u00dferdem sind Kontaktlinsen besonders gef\u00e4hrlich, wenn du in Ber\u00fchrung mit Pfefferspray oder anderen Reizstoffen kommen solltest, da sich das Gas unter die Linse setzt und du fast nicht mehr aussp\u00fclen kannst.<\/p>\n<p>Einen Ausweis musst du als \u00f6sterreichische_r Staatsb\u00fcrger_in nicht dabei haben, allerdings kannst du bei einer <a title=\"Personenkontrollen und Befehle\" href=\"https:\/\/at.rechtsinfokollektiv.org\/?page_id=577\" target=\"_blank\" rel=\"noopener\">Identit\u00e4tskontrolle<\/a> festgenommen werden. Eine andere Person m\u00fcsste dann deine Identit\u00e4t bezeugen und die eigene Identit\u00e4t mit ihrem Ausweis belegen.<\/p>\n<p><em>In Arbeit: Artikel zu &#8222;Soll ich einen Ausweis mitnehmen?&#8220;<\/em><\/p>\n<p>Als nicht \u00f6sterreichische Staatsb\u00fcrger_in solltest auf jeden Fall einen amtlichen Ausweis mitnehmen, da du gem\u00e4\u00df \u00a7 32 FPG deinen Reisepass oder andere Reisedokumente (Visum) bei dir tragen oder diese so aufbewahren musst, dass du nicht l\u00e4nger als eine Stunde brauchst um die Dokumente zu holen. Siehe dazu genauer den <a title=\"Nicht-\u00f6sterreichische Staatsb\u00fcrger_innenschaft\" href=\"https:\/\/at.rechtsinfokollektiv.org\/?page_id=53\" target=\"_blank\" rel=\"noopener\">Artikel zur rechtlichen Lage von Menschen mit nicht-\u00f6sterreichischer Staatsb\u00fcrger_innenschaft<\/a>.<\/p>\n<h3><strong>Besser zu Hause lassen<\/strong><\/h3>\n<p>Drogen und Alkohol solltest du weder vor noch auf der Demo konsumieren und deshalb einfach zu Hause lassen. Genauso solltest du pers\u00f6nliche Gegenst\u00e4nde wie Kalender, Adress-, Notizb\u00fccher, Kalender oder Fotos nicht mitnehmen, da sie im Falle einer Verhaftung von der Polizei mit Sicherheit durchgesehen werden. Beachte auch, dass auf\u00a0Demonstrationen in \u00d6sterreich ein Vermummungs- und Waffenverbot f\u00fcr Demonstrationsteilnehmer_innen gilt. Siehe dazu den Artikel zum <a title=\"Vermummungs- und Waffenverbot\" href=\"https:\/\/at.rechtsinfokollektiv.org\/?page_id=296\" target=\"_blank\" rel=\"noopener\">Vermummungs- und Waffenverbot<\/a>.<\/p>\n<p>Einen Fotoapparat brauchst du auf einer Demo ebenfalls nicht. Eine Demo ist kein Ort f\u00fcr lustige Erinnerungsfotos. Falls du festgenommen werden solltest oder ein Fotoapparat von der Polizei beschlagnahmt wird, k\u00f6nnen die Fotos dich oder andere Menschen belasten und so in Gefahr bringen. In der Regel gibt es Demofotograf_innen denen du die Dokumentation \u00fcberlassen solltest. Siehe dazu auch den Artikel zu: <a title=\"Auf der Demo selbst filmen und fotografieren\" href=\"https:\/\/at.rechtsinfokollektiv.org\/?page_id=235\" rel=\"noopener\">Auf der Demo Fotografieren<\/a>.<\/p>\n<p>Ob du ein Handy brauchst musst du selbst entscheiden. Wenn du es mitnimmst, dann sei dir \u00fcber die Gefahren bewusst und versuche diese zu minimieren. Speichere keine Adressen und Nummern, l\u00f6sche Fotos und SMS. Ein sicherer Schutz vor abh\u00f6ren und orten ist nur gegeben, wenn du das Handy ausschaltest und den Akku heraus nimmst. Bei einer Festnahme empfehlen wir, dass du dein Handy ausschaltest, da sonst die Polizei deine Anrufliste, SMS und Kontakte ansehen k\u00f6nnte. Unter Umst\u00e4nden lieferst du so der Polizei f\u00fcr dich oder andere belastende Beweise oder Einblicke in Demoaktionen oder Pers\u00f6nliches. Au\u00dferdem hat die Polizei unter Umst\u00e4nden die M\u00f6glichkeit alle Handynummern, die sich im Umfeld befinden, zu orten. Siehe dazu auch den Artikel zu <a title=\"\u00dcberwachung mit IMSI Catchern\" href=\"https:\/\/at.rechtsinfokollektiv.org\/?page_id=435\" rel=\"noopener\">IMSI Catchern<\/a>.<\/p>\n","protected":false},"excerpt":{"rendered":"<p>Was du auf jeden Fall Mitnehmen solltest Wenn du zu einer Demo gehst, trage am besten praktische, bequeme Kleidung, sowie festes und bequemes Schuhwerk. Du solltest gen\u00fcgend zu trinken und zu essen dabei haben. Es kann unter Umst\u00e4nden passieren, dass du w\u00e4hrend einer Demo keine M\u00f6glichkeit hast, dir diese Dinge zu besorgen. Nimm auf jeden &hellip; <a href=\"https:\/\/at.rechtsinfokollektiv.org\/?page_id=224\" class=\"more-link\"><span class=\"screen-reader-text\">Was sollte ich auf einer Demo (nicht) mitnehmen?<\/span> weiterlesen <span class=\"meta-nav\">&rarr;<\/span><\/a><\/p>\n","protected":false},"author":1,"featured_media":0,"parent":189,"menu_order":0,"comment_status":"open","ping_status":"open","template":"","meta":{"footnotes":""},"class_list":["post-224","page","type-page","status-publish","hentry"],"_links":{"self":[{"href":"https:\/\/at.rechtsinfokollektiv.org\/index.php?rest_route=\/wp\/v2\/pages\/224","targetHints":{"allow":["GET"]}}],"collection":[{"href":"https:\/\/at.rechtsinfokollektiv.org\/index.php?rest_route=\/wp\/v2\/pages"}],"about":[{"href":"https:\/\/at.rechtsinfokollektiv.org\/index.php?rest_route=\/wp\/v2\/types\/page"}],"author":[{"embeddable":true,"href":"https:\/\/at.rechtsinfokollektiv.org\/index.php?rest_route=\/wp\/v2\/users\/1"}],"replies":[{"embeddable":true,"href":"https:\/\/at.rechtsinfokollektiv.org\/index.php?rest_route=%2Fwp%2Fv2%2Fcomments&post=224"}],"version-history":[{"count":7,"href":"https:\/\/at.rechtsinfokollektiv.org\/index.php?rest_route=\/wp\/v2\/pages\/224\/revisions"}],"predecessor-version":[{"id":3365,"href":"https:\/\/at.rechtsinfokollektiv.org\/index.php?rest_route=\/wp\/v2\/pages\/224\/revisions\/3365"}],"up":[{"embeddable":true,"href":"https:\/\/at.rechtsinfokollektiv.org\/index.php?rest_route=\/wp\/v2\/pages\/189"}],"wp:attachment":[{"href":"https:\/\/at.rechtsinfokollektiv.org\/index.php?rest_route=%2Fwp%2Fv2%2Fmedia&parent=224"}],"curies":[{"name":"wp","href":"https:\/\/api.w.org\/{rel}","templated":true}]}}