{"id":226,"date":"2012-01-08T00:01:40","date_gmt":"2012-01-08T00:01:40","guid":{"rendered":"http:\/\/at.rechtsinfokollektiv.org\/?page_id=226"},"modified":"2021-12-08T19:30:14","modified_gmt":"2021-12-08T18:30:14","slug":"auf-dem-weg-zur-demo","status":"publish","type":"page","link":"https:\/\/at.rechtsinfokollektiv.org\/?page_id=226","title":{"rendered":"Auf dem Weg zur Demo"},"content":{"rendered":"<p>Es kann hilfreich sein, dich im Vorfeld \u00fcber aktuelle Ereignisse zu informieren, bevor du auf eine Demonstration gehst. Du solltest dich im Vorfeld informieren, ob du auf eine <a title=\"Demoanmeldung\" href=\"https:\/\/at.rechtsinfokollektiv.org\/?page_id=30\" target=\"_blank\" rel=\"noopener\">angemeldete<\/a> oder <a title=\"Spontandemonstration\" href=\"https:\/\/at.rechtsinfokollektiv.org\/?page_id=228\" target=\"_blank\" rel=\"noopener\">spontane<\/a> Demo gehst. Es kann auch passieren, dass eine angemeldete Versammlung durch die Polizei verboten wird und du dich unbewusst zu einer dann <a title=\"Untersagung, Platzverbot und Bannmeile\" href=\"https:\/\/at.rechtsinfokollektiv.org\/?page_id=230\" target=\"_blank\" rel=\"noopener\">untersagten Versammlung<\/a> begibst. Informiere dich daher m\u00f6glichst aktuell auf den Mobilisierungsseiten der Veranstalter_innen. Notiere dir die <a title=\"Rechtshilfe\" href=\"https:\/\/at.rechtsinfokollektiv.org\/?page_id=531\" target=\"_blank\" rel=\"noopener\">Rechtshilfenummer<\/a>.<\/p>\n<p>Hilfreich ist es, wenn du dich bereits im Vorfeld darauf einstellen kannst, welche Route geplant ist, an welchen Orten du vorbeikommst und wo die Abschlusskundgebung geplant ist.<\/p>\n<p>Du solltest immer versuchen mit anderen Menschen zusammen zu einer Demo zu gehen. Im Bestfall bildest du mit ein paar Freund_innen, denen du vertrauen kannst eine <a title=\"Bezugsgruppen\" href=\"https:\/\/at.rechtsinfokollektiv.org\/?page_id=222\" target=\"_blank\" rel=\"noopener\">Bezugsgruppe<\/a>. Als Bezugsgruppe bleibt ihr w\u00e4hrend der Demo zusammen und verlasst sie auch wieder gemeinsam. Das ist nicht nur lustiger, sondern vor allem sicherer. Sinnvoll ist es vorher in der Gruppe das Verhalten in bestimmten Situationen abzusprechen. Dabei sollte Raum f\u00fcr \u00c4ngste und Unsicherheiten Einzelner sein. Schaut w\u00e4hrend der Demo, ob es allen Personen gut geht und sie mit der Situation zurecht kommen.<\/p>\n<p>Auf dem Weg zur oder von der Demo kann es durch die Polizei zu <a title=\"Personenkontrollen und Befehle\" href=\"https:\/\/at.rechtsinfokollektiv.org\/?page_id=577\" target=\"_blank\" rel=\"noopener\">Ausweis-<\/a> und\/oder <a title=\"Durchsuchung und Beschlagnahmung\" href=\"https:\/\/at.rechtsinfokollektiv.org\/?page_id=575\" target=\"_blank\" rel=\"noopener\">Taschenkontrollen<\/a> kommen. Eine derartige Kontrolle darf aber nicht grundlos und nicht generell bei allen erfolgen. Die Polizei muss dazu einen bestimmten Grund haben: <a href=\"https:\/\/at.rechtsinfokollektiv.org\/?page_id=238\">Was darf die Polizei?<\/a><\/p>\n","protected":false},"excerpt":{"rendered":"<p>Es kann hilfreich sein, dich im Vorfeld \u00fcber aktuelle Ereignisse zu informieren, bevor du auf eine Demonstration gehst. Du solltest dich im Vorfeld informieren, ob du auf eine angemeldete oder spontane Demo gehst. Es kann auch passieren, dass eine angemeldete Versammlung durch die Polizei verboten wird und du dich unbewusst zu einer dann untersagten Versammlung &hellip; <a href=\"https:\/\/at.rechtsinfokollektiv.org\/?page_id=226\" class=\"more-link\"><span class=\"screen-reader-text\">Auf dem Weg zur Demo<\/span> weiterlesen <span class=\"meta-nav\">&rarr;<\/span><\/a><\/p>\n","protected":false},"author":1,"featured_media":0,"parent":189,"menu_order":0,"comment_status":"open","ping_status":"open","template":"","meta":{"footnotes":""},"class_list":["post-226","page","type-page","status-publish","hentry"],"_links":{"self":[{"href":"https:\/\/at.rechtsinfokollektiv.org\/index.php?rest_route=\/wp\/v2\/pages\/226","targetHints":{"allow":["GET"]}}],"collection":[{"href":"https:\/\/at.rechtsinfokollektiv.org\/index.php?rest_route=\/wp\/v2\/pages"}],"about":[{"href":"https:\/\/at.rechtsinfokollektiv.org\/index.php?rest_route=\/wp\/v2\/types\/page"}],"author":[{"embeddable":true,"href":"https:\/\/at.rechtsinfokollektiv.org\/index.php?rest_route=\/wp\/v2\/users\/1"}],"replies":[{"embeddable":true,"href":"https:\/\/at.rechtsinfokollektiv.org\/index.php?rest_route=%2Fwp%2Fv2%2Fcomments&post=226"}],"version-history":[{"count":6,"href":"https:\/\/at.rechtsinfokollektiv.org\/index.php?rest_route=\/wp\/v2\/pages\/226\/revisions"}],"predecessor-version":[{"id":3410,"href":"https:\/\/at.rechtsinfokollektiv.org\/index.php?rest_route=\/wp\/v2\/pages\/226\/revisions\/3410"}],"up":[{"embeddable":true,"href":"https:\/\/at.rechtsinfokollektiv.org\/index.php?rest_route=\/wp\/v2\/pages\/189"}],"wp:attachment":[{"href":"https:\/\/at.rechtsinfokollektiv.org\/index.php?rest_route=%2Fwp%2Fv2%2Fmedia&parent=226"}],"curies":[{"name":"wp","href":"https:\/\/api.w.org\/{rel}","templated":true}]}}