{"id":230,"date":"2012-01-08T00:02:21","date_gmt":"2012-01-08T00:02:21","guid":{"rendered":"http:\/\/at.rechtsinfokollektiv.org\/?page_id=230"},"modified":"2021-12-08T19:26:08","modified_gmt":"2021-12-08T18:26:08","slug":"untersagung-platzverbot-und-bannmeile","status":"publish","type":"page","link":"https:\/\/at.rechtsinfokollektiv.org\/?page_id=230","title":{"rendered":"Untersagung, Platzverbot und Bannmeile"},"content":{"rendered":"<p>Geschrieben von Stefan H.<\/p>\n<h4><strong>Untersagung der Versammlung<\/strong><\/h4>\n<p>Eine Versammlung kann bereits im Vorfeld beh\u00f6rdlich aus bestimmten Gr\u00fcnden untersagt werden. Meist erfolgen Untersagungen relativ knapp vor dem Demo-Termin. Erkundige dich daher bevor du auf eine Demonstration gehst, ob diese untersagt wurde.<\/p>\n<p>Erfolgt eine Untersagung der Demo, darf die angemeldete Versammlung nicht stattfinden und es wird am Demostartpunkt meistens Polizei anwesend sein. Die Polizei kann, wenn sich Menschen trotz der Untersagung versammeln, diese <a title=\"Aufl\u00f6sung einer Demo und Konsequenzen\" href=\"https:\/\/at.rechtsinfokollektiv.org\/?page_id=240\" target=\"_blank\" rel=\"noopener\">Demo aufl\u00f6sen<\/a> und die Aufl\u00f6sung mit Gewalt durchsetzen. Verl\u00e4sst du die aufgel\u00f6ste Versammlung nicht, begehst du eine <a title=\"Verwaltungsstrafverfahren\" href=\"https:\/\/at.rechtsinfokollektiv.org\/?page_id=216\" target=\"_blank\" rel=\"noopener\">Verwaltungs\u00fcbertretung<\/a>. Begibst du dich zu einer untersagten Demo musst du daher damit rechnen, dass die Versammlung sehr schnell aufgel\u00f6st wird, die Polizei sehr repressiv einschreiten wird und du unter Umst\u00e4nden mit einer Verwaltungs\u00fcbertretung und <a title=\"Personenkontrollen und Befehle\" href=\"https:\/\/at.rechtsinfokollektiv.org\/?page_id=577\" target=\"_blank\" rel=\"noopener\">Identit\u00e4tsfeststellung<\/a> rechnen musst.<\/p>\n<p>Siehe auch in den Artikeln f\u00fcr die Demoorganisation zur <a href=\"https:\/\/at.rechtsinfokollektiv.org\/?page_id=49\">Untersagung der Demo und deren rechtliche Bek\u00e4mpfung.<\/a><\/p>\n<h4><strong>Platzverbot<\/strong><\/h4>\n<p>Die Sicherheitsbeh\u00f6rden k\u00f6nnen nach \u00a7 36 SPG mittels Verordnung das Betreten von bestimmten Orten verbieten, wenn sie annehmen, dass dort eine &#8222;allgemeine Gefahr f\u00fcr Leben oder Gesundheit mehrerer Menschen oder f\u00fcr Eigentum oder Umwelt in gro\u00dfem Ausma\u00df&#8220; entsteht. Die Beh\u00f6rde kann so durch Erlassung eines Platzverbotes verhindern, dass dort unerw\u00fcnschte Versammlungen stattfinden. F\u00fchrt eine angezeigte Versammlung trotzdem durch den mit dem Platzverbot belegtem Ort, kann die Demo schon im Vorfeld untersagt werden (\u00a7 6 VersG).<\/p>\n<p>Die Verordnung f\u00fcr das Platzverbot wird meist mit Zetteln um das betreffende Areal aufgeh\u00e4ngt und den Medien mitgeteilt, sodass diese dar\u00fcber berichten. Fast immer sind auch entsprechend viele Polizist_innen anwesend. So eine Verordnung kann immer nur f\u00fcr maximal 6 Stunden gelten (\u00a7 36 Abs 4 SPG)<\/p>\n<p>Die Nichtbefolgung des Platzverbots ist eine Verwaltungs\u00fcbertretung. Die Polizei darf Leute aus diesem Bereich <a title=\"Personenkontrollen und Befehle\" href=\"https:\/\/at.rechtsinfokollektiv.org\/?page_id=577\" target=\"_blank\" rel=\"noopener\">wegweisen und ihnen das Betreten untersagen<\/a>. Dies wird zB. m\u00fcndlich oder einer gr\u00f6\u00dferen Gruppe mittels Megaphon verk\u00fcndet. Eine Festnahme von Leuten, die sich weigern, den Platz zu verlassen, ist ebenfalls m\u00f6glich, da es sich um eine Verwaltungs\u00fcbertretung handelt (\u00a7 84 Abs 1 Z 1 SPG iVm \u00a7 35 Z 3 VStG).<\/p>\n<h4><strong>Bannmeile<\/strong><\/h4>\n<p>W\u00e4hrend den Sitzungen der Bundesversammlung, des Nationalrates, Bundesrates, oder eines Landtags darf im Umkreis von 300 Meter keine Versammlung stattfinden (\u00a7 7 Versammlungsgesetz). Innerhalb dieser Bannmeile gibt es w\u00e4hrend der Sitzung keine Versammlungsfreiheit!<\/p>\n<p>Wenn du daher eine Versammlung planst, die beim Parlament oder einem Landtag vorbei f\u00fchren soll, erkundige dich daher schon im Vorhinein (z.B. auf der Homepage der Landtage (<a title=\"https:\/\/www.wien.gv.at\/rk\/ltgr\/termine.html\" href=\"https:\/\/www.wien.gv.at\/politik\/gemeinderat\/presse\/termine.html\" target=\"_blank\" rel=\"noopener\">zb f\u00fcr Wien<\/a>) oder <a href=\"http:\/\/www.parlament.gv.at\/PAKT\/TERM\/\" target=\"_blank\" rel=\"noopener\">Parlamentshomepage<\/a>), ob bzw. wann Sitzungen stattfinden. An Wahltagen sind ebenso Versammlungen im und im Umkreis von Wahllokalen verboten (\u00a7 58 Abs 1 NRWO).<\/p>\n","protected":false},"excerpt":{"rendered":"<p>Geschrieben von Stefan H. Untersagung der Versammlung Eine Versammlung kann bereits im Vorfeld beh\u00f6rdlich aus bestimmten Gr\u00fcnden untersagt werden. Meist erfolgen Untersagungen relativ knapp vor dem Demo-Termin. Erkundige dich daher bevor du auf eine Demonstration gehst, ob diese untersagt wurde. Erfolgt eine Untersagung der Demo, darf die angemeldete Versammlung nicht stattfinden und es wird am &hellip; <a href=\"https:\/\/at.rechtsinfokollektiv.org\/?page_id=230\" class=\"more-link\"><span class=\"screen-reader-text\">Untersagung, Platzverbot und Bannmeile<\/span> weiterlesen <span class=\"meta-nav\">&rarr;<\/span><\/a><\/p>\n","protected":false},"author":1,"featured_media":0,"parent":189,"menu_order":0,"comment_status":"open","ping_status":"open","template":"","meta":{"footnotes":""},"class_list":["post-230","page","type-page","status-publish","hentry"],"_links":{"self":[{"href":"https:\/\/at.rechtsinfokollektiv.org\/index.php?rest_route=\/wp\/v2\/pages\/230","targetHints":{"allow":["GET"]}}],"collection":[{"href":"https:\/\/at.rechtsinfokollektiv.org\/index.php?rest_route=\/wp\/v2\/pages"}],"about":[{"href":"https:\/\/at.rechtsinfokollektiv.org\/index.php?rest_route=\/wp\/v2\/types\/page"}],"author":[{"embeddable":true,"href":"https:\/\/at.rechtsinfokollektiv.org\/index.php?rest_route=\/wp\/v2\/users\/1"}],"replies":[{"embeddable":true,"href":"https:\/\/at.rechtsinfokollektiv.org\/index.php?rest_route=%2Fwp%2Fv2%2Fcomments&post=230"}],"version-history":[{"count":13,"href":"https:\/\/at.rechtsinfokollektiv.org\/index.php?rest_route=\/wp\/v2\/pages\/230\/revisions"}],"predecessor-version":[{"id":3402,"href":"https:\/\/at.rechtsinfokollektiv.org\/index.php?rest_route=\/wp\/v2\/pages\/230\/revisions\/3402"}],"up":[{"embeddable":true,"href":"https:\/\/at.rechtsinfokollektiv.org\/index.php?rest_route=\/wp\/v2\/pages\/189"}],"wp:attachment":[{"href":"https:\/\/at.rechtsinfokollektiv.org\/index.php?rest_route=%2Fwp%2Fv2%2Fmedia&parent=230"}],"curies":[{"name":"wp","href":"https:\/\/api.w.org\/{rel}","templated":true}]}}