{"id":2350,"date":"2015-07-13T16:26:04","date_gmt":"2015-07-13T16:26:04","guid":{"rendered":"http:\/\/at.rechtsinfokollektiv.org\/?page_id=2350"},"modified":"2015-07-13T16:26:04","modified_gmt":"2015-07-13T16:26:04","slug":"straferkenntnis-2","status":"publish","type":"page","link":"https:\/\/at.rechtsinfokollektiv.org\/?page_id=2350","title":{"rendered":"Straferkenntnis"},"content":{"rendered":"<h5 class=\"western\" style=\"line-height: 150%; text-align: justify;\" align=\"justify\"><strong>Was ist ein Straferkenntnis?<\/strong><\/h5>\n<p style=\"text-align: justify;\">Das Straferkenntnis ist der Bescheid am Ende eines ordentlichen Verwaltungsstrafverfahrens. Es setzt fest, wie hoch die Strafe ist und enth\u00e4lt die Gr\u00fcnde, warum sie verh\u00e4ngt wurde. Ordentliches Verfahren hei\u00dft, dass die Beh\u00f6rde (z.B. Polizei, Bezirksverwaltungsbeh\u00f6rde\/Magistrat,&#8230;) ermittelt hat und du M\u00f6glichkeit zur Stellungnahme hattest.<\/p>\n<p style=\"text-align: justify;\">Ein Straferkenntnis wird von der Beh\u00f6rde erlassen, wenn die Voraussetzungen f\u00fcr eine Strafverf\u00fcgung (und damit f\u00fcr ein abgek\u00fcrztes Verwaltungsstrafverfahren) nicht vorlagen, oder wenn du Einspruch gegen eine Strafverf\u00fcgung erhoben hast und dieser abgelehnt wurde. In der Regel wird es schriftlich mittels Rsa-Brief zugestellt, es kann jedoch auch m\u00fcndlich verk\u00fcndet werden. Bei m\u00fcndlicher Verk\u00fcndigung ist eine schriftliche Ausfertigung nur anzufertigen, wenn du darauf bestehst. Das solltest du unbedingt tun.<\/p>\n<p style=\"margin-bottom: 0cm; line-height: 150%; text-align: justify;\" align=\"justify\">Gegen das Straferkenntnis kann man <b>binnen vier Wochen ab Zustellung <\/b><a title=\"Beschwerde\" href=\"http:\/\/at.rechtsinfokollektiv.org\/verwaltungsstrafverfahren\/beschwerde\/\"><span style=\"text-decoration: underline;\"><b>Beschwerde<\/b><\/span><\/a> erheben.<\/p>\n","protected":false},"excerpt":{"rendered":"<p>Was ist ein Straferkenntnis? Das Straferkenntnis ist der Bescheid am Ende eines ordentlichen Verwaltungsstrafverfahrens. Es setzt fest, wie hoch die Strafe ist und enth\u00e4lt die Gr\u00fcnde, warum sie verh\u00e4ngt wurde. Ordentliches Verfahren hei\u00dft, dass die Beh\u00f6rde (z.B. Polizei, Bezirksverwaltungsbeh\u00f6rde\/Magistrat,&#8230;) ermittelt hat und du M\u00f6glichkeit zur Stellungnahme hattest. Ein Straferkenntnis wird von der Beh\u00f6rde erlassen, wenn &hellip; <a href=\"https:\/\/at.rechtsinfokollektiv.org\/?page_id=2350\" class=\"more-link\"><span class=\"screen-reader-text\">Straferkenntnis<\/span> weiterlesen <span class=\"meta-nav\">&rarr;<\/span><\/a><\/p>\n","protected":false},"author":1,"featured_media":0,"parent":2127,"menu_order":7,"comment_status":"closed","ping_status":"closed","template":"","meta":{"footnotes":""},"class_list":["post-2350","page","type-page","status-publish","hentry"],"_links":{"self":[{"href":"https:\/\/at.rechtsinfokollektiv.org\/index.php?rest_route=\/wp\/v2\/pages\/2350","targetHints":{"allow":["GET"]}}],"collection":[{"href":"https:\/\/at.rechtsinfokollektiv.org\/index.php?rest_route=\/wp\/v2\/pages"}],"about":[{"href":"https:\/\/at.rechtsinfokollektiv.org\/index.php?rest_route=\/wp\/v2\/types\/page"}],"author":[{"embeddable":true,"href":"https:\/\/at.rechtsinfokollektiv.org\/index.php?rest_route=\/wp\/v2\/users\/1"}],"replies":[{"embeddable":true,"href":"https:\/\/at.rechtsinfokollektiv.org\/index.php?rest_route=%2Fwp%2Fv2%2Fcomments&post=2350"}],"version-history":[{"count":0,"href":"https:\/\/at.rechtsinfokollektiv.org\/index.php?rest_route=\/wp\/v2\/pages\/2350\/revisions"}],"up":[{"embeddable":true,"href":"https:\/\/at.rechtsinfokollektiv.org\/index.php?rest_route=\/wp\/v2\/pages\/2127"}],"wp:attachment":[{"href":"https:\/\/at.rechtsinfokollektiv.org\/index.php?rest_route=%2Fwp%2Fv2%2Fmedia&parent=2350"}],"curies":[{"name":"wp","href":"https:\/\/api.w.org\/{rel}","templated":true}]}}