{"id":326,"date":"2012-01-09T18:36:25","date_gmt":"2012-01-09T18:36:25","guid":{"rendered":"http:\/\/at.rechtsinfokollektiv.org\/?page_id=326"},"modified":"2021-12-08T19:48:23","modified_gmt":"2021-12-08T18:48:23","slug":"foto-und-videouberwachung-auf-demos","status":"publish","type":"page","link":"https:\/\/at.rechtsinfokollektiv.org\/?page_id=326","title":{"rendered":"Foto- und Video\u00fcberwachung auf Demos"},"content":{"rendered":"<p>Die Polizei kann bei Demonstrationen unter bestimmten Umst\u00e4nden ohne, dass es zu einer Straftat gekommen w\u00e4re, Video, Foto und Tonaufzeichnungen der Demonstrant_innen machen. Voraussetzung ist gem\u00e4\u00df \u00a7 54 Abs 5 SPG, dass die Beh\u00f6rde erwartet, dass es zu Angriffen gegen Leben, Gesundheit oder Eigentum von Menschen kommen wird und die Aufzeichnung deshalb zur Vorbeugung erfolgt.<\/p>\n<p>Bevor die Polizei filmen darf, muss sie die Anwesenden per Lautsprecher \u00fcber die Aufnahmen informieren. Es ist jedoch leider nicht notwendig, dass alle diese Durchsage auch h\u00f6ren. Ebenso erfolgt diese Durchsage nur einmal am Anfang der Demo.<\/p>\n<p>Seit 1.1.2010 kann die Polizei zus\u00e4tzlich live Videoaufnahmen gem\u00e4\u00df \u00a7 54 Abs 8 SPG machen. Die Bilder werden zu den Einsatzleiter_innen \u00fcbertragen. Es ist keine Durchsage oder Information der Anwesenden rechtlich vorgesehen. In Wien ist zu beobachten, dass die Polizei von dieser M\u00f6glichkeit Live Video\u00fcbertragungen bei linken Demos zu machen sehr oft Gebrauch macht. Nimmt die Polizei jedoch eine Gefahr wahr, kann sie jederzeit die Live\u00fcbertragung aufzeichnen. Im Zweifel ist daher davon auszugehen, dass die Polizei auch filmt und die Kameras benutzt um Anwesende und die linke Szene auszuspionieren.<\/p>\n<p>Aus diesen Gr\u00fcnden, gibt es viele Demonstrant_innen, die es vorziehen, trotz des gesetzlichen Verbots, vermummt auf eine Demonstration zu gehen. Siehe dazu auch <a href=\"https:\/\/at.rechtsinfokollektiv.org\/?page_id=296\">Vermummungsverbot<\/a> auf Demos.<\/p>\n<p>Beachte, dass du nicht dar\u00fcber informiert wirst, ob du gefilmt wurdest, Daten so \u00fcber dich ermittelt oder gespeichert wurden. Dies ist leider nur mit einem Auskunftsbegehren nach dem Datenschutzgesetz m\u00f6glich, sofern dir \u00fcberhaupt dar\u00fcber Auskunft erteilt wird.<\/p>\n<p>Die Polizei verwendet bei Video\u00fcberwachungen von Demos meist einen Video\u00fcberwachungswagen. Dies schlie\u00dft aber nicht aus, dass die Polizei auch Handkameras und -fotoapparate, ev auch Polizist*innen in <a title=\"Zivis auf der Demo\" href=\"https:\/\/at.rechtsinfokollektiv.org\/?page_id=440\" target=\"_blank\" rel=\"noopener\">Zivilkleidung zur \u00dcberwachung<\/a> verwendet.<\/p>\n<p>Zur \u00dcberwachung auf Demos siehe auch:<\/p>\n<ul>\n<li><a title=\"\u00dcberwachung mit IMSI Catchern\" href=\"https:\/\/at.rechtsinfokollektiv.org\/?page_id=435\" target=\"_blank\" rel=\"noopener\">\u00dcberwachung mit IMSI Catchern<\/a><\/li>\n<\/ul>\n","protected":false},"excerpt":{"rendered":"<p>Die Polizei kann bei Demonstrationen unter bestimmten Umst\u00e4nden ohne, dass es zu einer Straftat gekommen w\u00e4re, Video, Foto und Tonaufzeichnungen der Demonstrant_innen machen. Voraussetzung ist gem\u00e4\u00df \u00a7 54 Abs 5 SPG, dass die Beh\u00f6rde erwartet, dass es zu Angriffen gegen Leben, Gesundheit oder Eigentum von Menschen kommen wird und die Aufzeichnung deshalb zur Vorbeugung erfolgt. &hellip; <a href=\"https:\/\/at.rechtsinfokollektiv.org\/?page_id=326\" class=\"more-link\"><span class=\"screen-reader-text\">Foto- und Video\u00fcberwachung auf Demos<\/span> weiterlesen <span class=\"meta-nav\">&rarr;<\/span><\/a><\/p>\n","protected":false},"author":1,"featured_media":0,"parent":238,"menu_order":0,"comment_status":"open","ping_status":"open","template":"","meta":{"footnotes":""},"class_list":["post-326","page","type-page","status-publish","hentry"],"_links":{"self":[{"href":"https:\/\/at.rechtsinfokollektiv.org\/index.php?rest_route=\/wp\/v2\/pages\/326","targetHints":{"allow":["GET"]}}],"collection":[{"href":"https:\/\/at.rechtsinfokollektiv.org\/index.php?rest_route=\/wp\/v2\/pages"}],"about":[{"href":"https:\/\/at.rechtsinfokollektiv.org\/index.php?rest_route=\/wp\/v2\/types\/page"}],"author":[{"embeddable":true,"href":"https:\/\/at.rechtsinfokollektiv.org\/index.php?rest_route=\/wp\/v2\/users\/1"}],"replies":[{"embeddable":true,"href":"https:\/\/at.rechtsinfokollektiv.org\/index.php?rest_route=%2Fwp%2Fv2%2Fcomments&post=326"}],"version-history":[{"count":4,"href":"https:\/\/at.rechtsinfokollektiv.org\/index.php?rest_route=\/wp\/v2\/pages\/326\/revisions"}],"predecessor-version":[{"id":3437,"href":"https:\/\/at.rechtsinfokollektiv.org\/index.php?rest_route=\/wp\/v2\/pages\/326\/revisions\/3437"}],"up":[{"embeddable":true,"href":"https:\/\/at.rechtsinfokollektiv.org\/index.php?rest_route=\/wp\/v2\/pages\/238"}],"wp:attachment":[{"href":"https:\/\/at.rechtsinfokollektiv.org\/index.php?rest_route=%2Fwp%2Fv2%2Fmedia&parent=326"}],"curies":[{"name":"wp","href":"https:\/\/api.w.org\/{rel}","templated":true}]}}