{"id":353,"date":"2012-01-09T19:32:37","date_gmt":"2012-01-09T19:32:37","guid":{"rendered":"http:\/\/at.rechtsinfokollektiv.org\/?page_id=353"},"modified":"2021-12-08T20:33:02","modified_gmt":"2021-12-08T19:33:02","slug":"anzeige","status":"publish","type":"page","link":"https:\/\/at.rechtsinfokollektiv.org\/?page_id=353","title":{"rendered":"Anzeige gegen die Polizei"},"content":{"rendered":"<p>Wenn Polizeibeamt_innen bei Amtshandlungen Straftaten begehen (Amtsmissbrauch, K\u00f6rperverletzung, gef\u00e4hrliche Drohung, Freiheitsentzug etc), kannst du gegen die Beamt_in oder gegen unbekannt eine Strafanzeige machen. Beachte jedoch, dass die Polizei zur Aus\u00fcbung ihrer Befugnisse, wenn dies erforderlich ist, Befehls- und Zwangsgewalt anwenden darf. Das Gesetz erlaubt Gewaltanwendung und Freiheitsentziehung in einem bestimmten gesetzlichen Rahmen.<\/p>\n<p>Es ist daher grunds\u00e4tzlich m\u00f6glich, wenn du das Eingreifen von Polizeibeamt_innen als unrechtm\u00e4\u00dfig empfindest eine Strafanzeige einbringen. Dies sollte mensch jedoch genau abw\u00e4gen und vorher mit einer rechtlichen Beratung oder Anw\u00e4lt_in besprochen haben. Die Praxis zeigt leider, dass solche Anzeigen nur sehr selten zu einer Verurteilung f\u00fchren (schwierige Beweislage, Polizist_innen werden als glaubw\u00fcrdiger eingestuft etc).<\/p>\n<p>Beachte auch, dass eine Anzeige mit einem <strong>Risiko zus\u00e4tzlicher Repression<\/strong> verbunden ist. Sehr oft wirst du von der Polizei eine &#8220;&#8217;Gegenanzeige&#8220;&#8216; wegen\u00a0Verleumdung (\u00a7\u00a0 297 StGB) erhalten und im schlechtesten Fall ein zus\u00e4tzliches Strafverfahren am Hals haben. <strong>Eine Anzeige gegen die Polizei sollte daher sehr gut vorbereitet und gut von dir beweisbar sein.<\/strong><\/p>\n<p><strong>Krankenhaus<\/strong>:<\/p>\n<p>Wenn du als Verletzte_r ins Krankenhaus oder zu einem Arzt\/einer \u00c4rztin kommst, bist du in einer \u00e4hnlichen Situation, da bei Verletzungen durch Dritte eine automatische Anzeige durch das Krankenhaus gemacht wird. Du solltest daher gut abw\u00e4gen, ob es klug ist, Verletzungen als Folge von Polizeihandeln zu bezeichnen.<\/p>\n","protected":false},"excerpt":{"rendered":"<p>Wenn Polizeibeamt_innen bei Amtshandlungen Straftaten begehen (Amtsmissbrauch, K\u00f6rperverletzung, gef\u00e4hrliche Drohung, Freiheitsentzug etc), kannst du gegen die Beamt_in oder gegen unbekannt eine Strafanzeige machen. Beachte jedoch, dass die Polizei zur Aus\u00fcbung ihrer Befugnisse, wenn dies erforderlich ist, Befehls- und Zwangsgewalt anwenden darf. Das Gesetz erlaubt Gewaltanwendung und Freiheitsentziehung in einem bestimmten gesetzlichen Rahmen. Es ist daher &hellip; <a href=\"https:\/\/at.rechtsinfokollektiv.org\/?page_id=353\" class=\"more-link\"><span class=\"screen-reader-text\">Anzeige gegen die Polizei<\/span> weiterlesen <span class=\"meta-nav\">&rarr;<\/span><\/a><\/p>\n","protected":false},"author":1,"featured_media":0,"parent":185,"menu_order":0,"comment_status":"open","ping_status":"open","template":"","meta":{"footnotes":""},"class_list":["post-353","page","type-page","status-publish","hentry"],"_links":{"self":[{"href":"https:\/\/at.rechtsinfokollektiv.org\/index.php?rest_route=\/wp\/v2\/pages\/353","targetHints":{"allow":["GET"]}}],"collection":[{"href":"https:\/\/at.rechtsinfokollektiv.org\/index.php?rest_route=\/wp\/v2\/pages"}],"about":[{"href":"https:\/\/at.rechtsinfokollektiv.org\/index.php?rest_route=\/wp\/v2\/types\/page"}],"author":[{"embeddable":true,"href":"https:\/\/at.rechtsinfokollektiv.org\/index.php?rest_route=\/wp\/v2\/users\/1"}],"replies":[{"embeddable":true,"href":"https:\/\/at.rechtsinfokollektiv.org\/index.php?rest_route=%2Fwp%2Fv2%2Fcomments&post=353"}],"version-history":[{"count":1,"href":"https:\/\/at.rechtsinfokollektiv.org\/index.php?rest_route=\/wp\/v2\/pages\/353\/revisions"}],"predecessor-version":[{"id":3455,"href":"https:\/\/at.rechtsinfokollektiv.org\/index.php?rest_route=\/wp\/v2\/pages\/353\/revisions\/3455"}],"up":[{"embeddable":true,"href":"https:\/\/at.rechtsinfokollektiv.org\/index.php?rest_route=\/wp\/v2\/pages\/185"}],"wp:attachment":[{"href":"https:\/\/at.rechtsinfokollektiv.org\/index.php?rest_route=%2Fwp%2Fv2%2Fmedia&parent=353"}],"curies":[{"name":"wp","href":"https:\/\/api.w.org\/{rel}","templated":true}]}}