{"id":37,"date":"2011-12-20T23:53:29","date_gmt":"2011-12-20T23:53:29","guid":{"rendered":"http:\/\/at.rechtsinfokollektiv.org\/?page_id=37"},"modified":"2021-12-08T18:27:12","modified_gmt":"2021-12-08T17:27:12","slug":"untersagung-und-bekampfung-der-untersagung","status":"publish","type":"page","link":"https:\/\/at.rechtsinfokollektiv.org\/?page_id=37","title":{"rendered":"Untersagung der Demo"},"content":{"rendered":"<p><strong>Untersagung der Demo<\/strong><\/p>\n<p>Eine <a title=\"Was ist eine Versammlung nach dem Versammlungsgesetz?\" href=\"https:\/\/at.rechtsinfokollektiv.org\/?page_id=28\" target=\"_blank\" rel=\"noopener\">Versammlung<\/a> kann bereits im Vorfeld beh\u00f6rdlich aus bestimmten Gr\u00fcnden untersagt werden. In der Praxis erfolgt eine Untersagung meist nach der <a title=\"Vorbesprechung\" href=\"https:\/\/at.rechtsinfokollektiv.org\/?page_id=35\" target=\"_blank\" rel=\"noopener\">Vorbesprechung<\/a> und leider oft erst sehr sehr knapp vor dem Demotermin. Eine Demo kann untersagt werden, wenn:<\/p>\n<ul>\n<li>ihr Zweck den Strafgesetzen zuwiederl\u00e4uft;<\/li>\n<li>die Abhaltung der Demo die \u00f6ffentliche Sicherheit gef\u00e4hrdet;<\/li>\n<li>die Abhaltung der Demo das \u00f6ffentliche Wohl gef\u00e4hrdet<\/li>\n<\/ul>\n<p>Siehe: \u00a7 6 Versammlungsgesetz, Art 11 Abs 2 EMRK.<\/p>\n<p>Dabei trifft die Beh\u00f6rde eine Prognoseentscheidung, ob obige Gr\u00fcnde f\u00fcr eine Untersagung bei der Demo eintreten werden. Die Bef\u00fcrchtung, dass eine Gegendemo stattfinden k\u00f6nnte, durch die Demo der Verkehr kurzzeitig gest\u00f6rt wird oder dass die Mehrheit der Bev\u00f6lkerung eine andere Meinung als die Protestaktion vertrete, reichen f\u00fcr eine Untersagung nicht aus! (VfGH, VfSlg 8609\/1979).<\/p>\n<p>Die Untersagung erfolgt durch die Bundespolizeidirektion bwz. die Bezirksverwaltungsbeh\u00f6rde. Die Untersagung erfolgt in Form eines schriftlichen Bescheides, welcher der\/dem Versammlungs-Anmelder_in zugestellt wird. Die Untersagung wird dir aber davor bereits m\u00fcndlich (per Telefon) mitgeteilt. Ist die angezeigte Versammlung untersagt worden, darf keine Versammlung stattfinden.<\/p>\n<p>Wie du eine Untersagung bek\u00e4mpfst, kannst du hier nachlesen: <a title=\"Rechtliche Bek\u00e4mpfung der Untersagung\" href=\"https:\/\/at.rechtsinfokollektiv.org\/?page_id=49\" target=\"_blank\" rel=\"noopener\">Rechtliche Bek\u00e4mpfung der Untersagung<\/a><\/p>\n","protected":false},"excerpt":{"rendered":"<p>Untersagung der Demo Eine Versammlung kann bereits im Vorfeld beh\u00f6rdlich aus bestimmten Gr\u00fcnden untersagt werden. In der Praxis erfolgt eine Untersagung meist nach der Vorbesprechung und leider oft erst sehr sehr knapp vor dem Demotermin. Eine Demo kann untersagt werden, wenn: ihr Zweck den Strafgesetzen zuwiederl\u00e4uft; die Abhaltung der Demo die \u00f6ffentliche Sicherheit gef\u00e4hrdet; die &hellip; <a href=\"https:\/\/at.rechtsinfokollektiv.org\/?page_id=37\" class=\"more-link\"><span class=\"screen-reader-text\">Untersagung der Demo<\/span> weiterlesen <span class=\"meta-nav\">&rarr;<\/span><\/a><\/p>\n","protected":false},"author":1,"featured_media":0,"parent":16,"menu_order":0,"comment_status":"open","ping_status":"open","template":"","meta":{"footnotes":""},"class_list":["post-37","page","type-page","status-publish","hentry"],"_links":{"self":[{"href":"https:\/\/at.rechtsinfokollektiv.org\/index.php?rest_route=\/wp\/v2\/pages\/37","targetHints":{"allow":["GET"]}}],"collection":[{"href":"https:\/\/at.rechtsinfokollektiv.org\/index.php?rest_route=\/wp\/v2\/pages"}],"about":[{"href":"https:\/\/at.rechtsinfokollektiv.org\/index.php?rest_route=\/wp\/v2\/types\/page"}],"author":[{"embeddable":true,"href":"https:\/\/at.rechtsinfokollektiv.org\/index.php?rest_route=\/wp\/v2\/users\/1"}],"replies":[{"embeddable":true,"href":"https:\/\/at.rechtsinfokollektiv.org\/index.php?rest_route=%2Fwp%2Fv2%2Fcomments&post=37"}],"version-history":[{"count":4,"href":"https:\/\/at.rechtsinfokollektiv.org\/index.php?rest_route=\/wp\/v2\/pages\/37\/revisions"}],"predecessor-version":[{"id":3294,"href":"https:\/\/at.rechtsinfokollektiv.org\/index.php?rest_route=\/wp\/v2\/pages\/37\/revisions\/3294"}],"up":[{"embeddable":true,"href":"https:\/\/at.rechtsinfokollektiv.org\/index.php?rest_route=\/wp\/v2\/pages\/16"}],"wp:attachment":[{"href":"https:\/\/at.rechtsinfokollektiv.org\/index.php?rest_route=%2Fwp%2Fv2%2Fmedia&parent=37"}],"curies":[{"name":"wp","href":"https:\/\/api.w.org\/{rel}","templated":true}]}}