{"id":435,"date":"2012-01-13T02:02:20","date_gmt":"2012-01-13T02:02:20","guid":{"rendered":"http:\/\/at.rechtsinfokollektiv.org\/?page_id=435"},"modified":"2021-12-08T19:00:07","modified_gmt":"2021-12-08T18:00:07","slug":"uberwachung-mit-imsi-catchern","status":"publish","type":"page","link":"https:\/\/at.rechtsinfokollektiv.org\/?page_id=435","title":{"rendered":"\u00dcberwachung mit IMSI Catchern"},"content":{"rendered":"<p>IMSI Catcher sind technische Ger\u00e4te mit denen die Polizei Handys \u00fcberwachen kann. IMSI Catcher simulieren eine Funkzelle, wo sich dein Handy dann einloggt. Es kann sowohl festgestellt werden, wer sich einloggt, mit wem und was genau telefoniert, als auch Handystandorte festgstellt bzw Bewegungsprofile erstellt werden. <a title=\"Was sollte ich auf einer Demo (nicht) mitnehmen?\" href=\"https:\/\/at.rechtsinfokollektiv.org\/?page_id=224\" target=\"_blank\" rel=\"noopener\">\u00dcberlege dir daher ob du dein Handy mitnehmen m\u00f6chtest<\/a>.<\/p>\n<p>Der IMSI-Catcher fingiert einen Funkzelle f\u00fcr Handys. Der IMSI Catcher arbeitet dazu gegen\u00fcber dem Handy wie eine normale Funkzelle\u00a0 und gegen\u00fcber dem Netzwerk wie ein Handy. Alle Handys in einem gewissen Umkreis buchen sich automatisch bei der Funkzelle mit dem st\u00e4rksten Signal &#8211; also dem IMSI-Catcher &#8211; ein. Die fingierte Funkzelle hat zirka eine Reichweite von 100-300 Meter in der Stadt.<\/p>\n<p>Dabei werden alle Daten im Funknetzbereich des IMSI-Catchers erfasst, ohne dass diese es erfahren. Mit dem IMSI Catcher kann sowohl die IMSI Nummern von SIM Karten abgelesen werden und als auch der ungef\u00e4hre Standort der SIM Karte bzw ihrer oder ihres Inhaber_in festgestellt werden. Mit Hilfe der IMSI Catcher k\u00f6nnen aber auch Telefonate mitgeh\u00f6rt\/ aufgezeichnet werden. Wenn du ein anonymes Handy benutzt, ist es der Polizei so auch m\u00f6glich heraus zu finden, welche Handynummer du benutzt und sodann in einem m\u00f6glichen Strafverfahren eine Handy\u00fcberwachung beantragen. Ebenso k\u00f6nnen im Wirkungsbereich des IMSI-Catchers die Mobiltelefone unterdr\u00fcckt werden und so die Handy-Kommunikation in einem bestimmten Gebiet lahm gelegt werden.<\/p>\n<p>Bei Demonstrationen kommen IMSI Catcher zum Einsatz, um die Nummern der Teilnehmer_innen und somit deren Identit\u00e4t festzuhalten. Allerdings werden alle Nummern aus einer Funkzelle &#8222;gefangen&#8220; &#8211; das hei\u00dft wenn zB eine Demo in der Innenstadt stattfindet, werden auch die Nummern aller Mobiltelefone die einfach so in der N\u00e4he sind aufgenommen. Die Ger\u00e4te k\u00f6nnen nicht differenzieren, wer an der Demo teilgenommen hat oder wer zb um die Ecke arbeiten war. <a title=\"at.indymedia: Foto eines m\u00f6glichen IMSI-Catchers, Wien, 8.Mai 2011\" href=\"https:\/\/at.indymedia.org\/files\/imagecache\/full\/pictures\/20229\/9726.jpg\" target=\"_blank\" rel=\"noopener\">Hier ein Foto von einem m\u00f6glichen IMSI-Catcher in Wien<\/a>.<\/p>\n<p>Die rechtlichen Regelungen zum Einsatz von IMSI Catchern finden sich im Sicherheitspolizeigesetz in <a title=\"\u00a7 53 Abs 3b Sicherheitspolizeigesetz\" href=\"https:\/\/riko.diebin.at\/wp-content\/uploads\/2012\/01\/SPG-\u00a7-53.pdf\" target=\"_blank\" rel=\"noopener\">\u00a7 53 Abs 3b SPG<\/a> und in der Strafprozessordnung in <a title=\"\u00a7 134 Strafprozessordnung\" href=\"https:\/\/riko.diebin.at\/wp-content\/uploads\/2012\/01\/StPO-\u00a7-134.pdf\" target=\"_blank\" rel=\"noopener\">\u00a7\u00a7 134ff StPO<\/a>. Bei der \u00dcberwachung im Rahmen eines Strafverfahrens, wo ein Gericht dieser \u00dcberwachung zustimmen muss, wird nicht explizit von IMSI Catchern gesprochen. Diese k\u00f6nnen aber bei der \u00dcberwachung von Handys im Rahmen der Strafprozessordnung eingesetzt werden.<\/p>\n<p>Ohne gerichtliche Bewilligung in \u00d6sterreich ist der Einsatz von IMSI Catchern seit 2008 im Rahmen des Sicherheitspolizeigesetzes zur <strong>Standortfeststellung eines Handys einer gef\u00e4hrdeten Person<\/strong> zul\u00e4ssig. Nach dem Sicherheitspolizeigesetz ist die Vorraussetzung f\u00fcr den Einsatz, dass\u00a0<em>eine gegenw\u00e4rtige Gefahr f\u00fcr das Leben oder die Gesundheit eines Menschen<\/em> vorliegt, was gerade im Gegensatz zur sonst in Sachen \u00dcberwachung geforderten richterlichen Bewilligung keine gro\u00dfe H\u00fcrde ist. Telefon\u00fcberwachungen werden normalerweise im Strafverfahren durch die Betreiber_innen nach richterlicher Bewilligung vorgenommen, diese strengeren Regelungen k\u00f6nnen durch den Einsatz der Catcher umgangen werden. Es ist technisch kaum nachvollziehbar, ob und wie die IMSI-Catcher zum Einsatz gekommen sind. <strong>In der Praxis ist daher davon auszugehen, dass IMSI Catcher bei gr\u00f6\u00dferen Demos sehr wohl zum Einsatz kommen!<\/strong><\/p>\n<p><strong>IMSI Nummer<\/strong>: ist eine 14-15stellige Nummer anhand derer Netzteilnehmer_innen innerhalb von Telefonnetzen identifiziert werden k\u00f6nnen. Die Nummer wird auf der SIM Karte gespeichert, bezieht sich aber nicht auf die Rufnummer. IMSI steht f\u00fcr International Mobile Subscriber Identity und setzt sich aus drei Codes zusammen, wobei die ersten 3 Ziffern f\u00fcr den Staat, die weiteren 2-3 f\u00fcr das Netz und die folgenden f\u00fcr den_die Teilnehmer_in stehen.<\/p>\n<p>Zum Weiterlesen:<\/p>\n<ul>\n<li><a title=\"Der \u00dcberwachungsstaat scheint auch in \u00d6sterreich nicht mehr weit\" href=\"https:\/\/at.indymedia.org\/node\/9071\" target=\"_blank\" rel=\"noopener\">at.indymedia: Der \u00dcberwachungsstaat scheint auch in \u00d6sterreich nicht mehr weit<\/a><\/li>\n<li><a title=\"taz.de: Dresdner Handyskandal\" href=\"http:\/\/www.taz.de\/Dresdner-Handyskandal\/!73596\/\" target=\"_blank\" rel=\"noopener\">In Dresden gab es 2011 einen Skandal um den Einsatz eines solchen IMSI-Catchers<\/a><\/li>\n<\/ul>\n<p>Zur \u00dcberwachung auf Demos siehe auch:<\/p>\n<ul>\n<li><a title=\"Foto- und Video\u00fcberwachung auf Demos\" href=\"http:\/\/at.rechtsinfokollektiv.org\/rechtsinfo\/demo-teilnahme\/was-darf-die-polizei\/foto-und-videouberwachung-auf-demos\/\" target=\"_blank\" rel=\"noopener\">Foto- und Video\u00fcberwachung auf Demos<\/a><\/li>\n<li><a title=\"Zivis auf der Demo\" href=\"http:\/\/at.rechtsinfokollektiv.org\/rechtsinfo\/demo-teilnahme\/was-darf-die-polizei\/zivis-auf-der-demo\/\" target=\"_blank\" rel=\"noopener\">Zivis auf der Demo<\/a><\/li>\n<\/ul>\n","protected":false},"excerpt":{"rendered":"<p>IMSI Catcher sind technische Ger\u00e4te mit denen die Polizei Handys \u00fcberwachen kann. IMSI Catcher simulieren eine Funkzelle, wo sich dein Handy dann einloggt. Es kann sowohl festgestellt werden, wer sich einloggt, mit wem und was genau telefoniert, als auch Handystandorte festgstellt bzw Bewegungsprofile erstellt werden. \u00dcberlege dir daher ob du dein Handy mitnehmen m\u00f6chtest. Der &hellip; <a href=\"https:\/\/at.rechtsinfokollektiv.org\/?page_id=435\" class=\"more-link\"><span class=\"screen-reader-text\">\u00dcberwachung mit IMSI Catchern<\/span> weiterlesen <span class=\"meta-nav\">&rarr;<\/span><\/a><\/p>\n","protected":false},"author":1,"featured_media":0,"parent":238,"menu_order":0,"comment_status":"open","ping_status":"open","template":"","meta":{"footnotes":""},"class_list":["post-435","page","type-page","status-publish","hentry"],"_links":{"self":[{"href":"https:\/\/at.rechtsinfokollektiv.org\/index.php?rest_route=\/wp\/v2\/pages\/435","targetHints":{"allow":["GET"]}}],"collection":[{"href":"https:\/\/at.rechtsinfokollektiv.org\/index.php?rest_route=\/wp\/v2\/pages"}],"about":[{"href":"https:\/\/at.rechtsinfokollektiv.org\/index.php?rest_route=\/wp\/v2\/types\/page"}],"author":[{"embeddable":true,"href":"https:\/\/at.rechtsinfokollektiv.org\/index.php?rest_route=\/wp\/v2\/users\/1"}],"replies":[{"embeddable":true,"href":"https:\/\/at.rechtsinfokollektiv.org\/index.php?rest_route=%2Fwp%2Fv2%2Fcomments&post=435"}],"version-history":[{"count":1,"href":"https:\/\/at.rechtsinfokollektiv.org\/index.php?rest_route=\/wp\/v2\/pages\/435\/revisions"}],"predecessor-version":[{"id":3357,"href":"https:\/\/at.rechtsinfokollektiv.org\/index.php?rest_route=\/wp\/v2\/pages\/435\/revisions\/3357"}],"up":[{"embeddable":true,"href":"https:\/\/at.rechtsinfokollektiv.org\/index.php?rest_route=\/wp\/v2\/pages\/238"}],"wp:attachment":[{"href":"https:\/\/at.rechtsinfokollektiv.org\/index.php?rest_route=%2Fwp%2Fv2%2Fmedia&parent=435"}],"curies":[{"name":"wp","href":"https:\/\/api.w.org\/{rel}","templated":true}]}}