{"id":51,"date":"2011-12-20T23:57:10","date_gmt":"2011-12-20T23:57:10","guid":{"rendered":"http:\/\/at.rechtsinfokollektiv.org\/?page_id=51"},"modified":"2011-12-20T23:57:10","modified_gmt":"2011-12-20T23:57:10","slug":"treffen-mit-repressions-betroffenen","status":"publish","type":"page","link":"https:\/\/at.rechtsinfokollektiv.org\/?page_id=51","title":{"rendered":"Treffen mit Repressions-Betroffenen"},"content":{"rendered":"<p>Geschrieben von Stefan H.<\/p>\n<p><strong>Nach der Demo ist vor der Demo!<\/strong><\/p>\n<p>Mit dem Ende einer Demo ist die Organisation einer Demo noch nicht beendet. Leider kommt es auf Demos oft zu Polizeigewalt, Verhaftungen und sonstiger Repression gegen Demoteilnehmer_innen. Oftmals werden Menschen w\u00e4hrend oder im Umfeld der Demo von der Polizei angehalten, die Identit\u00e4t festgestellt oder verhaftet. Viele dieser Repressionsbetroffenen wissen \u00fcber ihre rechtliche Lage nicht ausreichend Bescheid, sind oftmals nicht in Gruppen organisiert, wo sie eventuell unterst\u00fctzt werden oder wissen nicht an wen sie sich um Rat und Rechtshilfe wenden k\u00f6nnen. Deshalb ist es unserer Meinung wichtig, bei der Organisation einer Demo auch ein Treffen nach der Demo f\u00fcr Repressionsbetroffene mit zu planen.<\/p>\n<p><strong>Nachbereitungstreffen mit Repressions-Betroffenen<\/strong><\/p>\n<p>Nach Repressionsf\u00e4llen bei Demos ist es ratsam, m\u00f6glichst rasch ein offenes Treffen f\u00fcr Betroffene zu organisieren und \u00fcber die Demohomepage und sonstige Quellen zu bewerben. Bei diesem Treffen geht es vor allem darum, Betroffene zu vernetzen und allgemein \u00fcber rechtliche Folgen, Rechtsmittel und Fristen bei Straf- oder Verwaltungsstrafverfahren aufzukl\u00e4ren. Findet ein Treffen erst statt, nachdem die ersten Betroffenen blaue Briefe von der Polizei erhalten, erreicht ihr meist nicht mehr viele Menschen und eine Vernetzung zur Aufkl\u00e4rung ist wesentlich schwieriger m\u00f6glich.<\/p>\n<p>Antirep- und Rechtshilfegruppen, insbesondere die <a title=\"Rechtshilfe\" href=\"http:\/\/at.rechtsinfokollektiv.org\/rechtsinfo\/demo-teilnahme\/bei-der-demo-demo-teilnahme\/rechtshilfe\/\" target=\"_blank\">Rechtshilfe<\/a> der entsprechenden Demo, unterst\u00fctzen euch sicher gerne bei bzw \u00fcbernehmen rechtliche Beratung und Teile der Nachbereitung. Die Organisation eines Raumes f\u00fcr das Treffen und die Bewerbung auf der Demo-Homepage kann euch jedoch meist keine Rechtshilfegruppe abnehmen. Es ist ratsam die Art und Weise der Unterst\u00fctzung von Repressionsbetroffenen mit der Rechtshilfe abzusprechen.<\/p>\n<p>Nach Absprache mit der Rechtshilfe ist es auch sehr sinnvoll eine Emailadresse f\u00fcr Repressionsbetroffene anzubieten. An diese k\u00f6nnen sich Repressionsbetroffene wenden, die beim Nachbereitungstreffen keine Zeit hatten oder dringende Fragen haben etc.<\/p>\n<p>Ein zweites Treffen sollte am besten dann statt finden, wenn die ersten Betroffenen Post von der Polizei erhalten. Diese melden sich meist \u00fcber die angebotene Rechtshilfe Emailadresse.<\/p>\n<p><strong>Soli-Veranstaltungen<\/strong><\/p>\n<p>Den Menschen, die von Repression betroffen sind, entstehen Kosten durch Geldstrafen, Prozess- und Anw\u00e4lt_innenkosten.<\/p>\n<p>Ihr k\u00f6nnt, sofern ihr \u00fcber ein Konto verf\u00fcgt, oder eine befreundete Organisation euch ihr Konto zur Verf\u00fcgung stellt, dort zu Spenden f\u00fcr Betroffene aufrufen. Sonst k\u00f6nnt ihr mit den Betroffenen zusammen Solidarit\u00e4tsveranstaltungen und -feste machen, um so Spendengeld zur Unterst\u00fctzung zu bekommen. In einigen H\u00e4usern bzw R\u00e4umen k\u00f6nnt ihr anfragen, ob ihr Soliveranstaltungen machen k\u00f6nnt ohne Miete oder so was zahlen zu m\u00fcssen.<\/p>\n<p>Unvollst\u00e4ndige Liste:<\/p>\n<ul>\n<li><a title=\"EKH\" href=\"http:\/\/www.med-user.net\/~ekh\/\" target=\"_blank\">EKH<\/a>: ekhhaus (at) med-user (dot) net<\/li>\n<li><a title=\"Cafe Rosa\" href=\"http:\/\/www.cafe-rosa.at\/\" target=\"_blank\">Cafe rosa<\/a>: info (at) cafe-rosa (dot) at bzw. jeden Freitag 14:00 Plenum<\/li>\n<li><a title=\"Schenke\" href=\"http:\/\/www.dieschenke.org\/\" target=\"_blank\">Schenke<\/a>: schenke (at) geldlos.at<\/li>\n<li><a title=\"t\u00fcwi\" href=\"http:\/\/tuewi.action.at\/\">T\u00dcWI<\/a>: <a title=\"t\u00fcwi\" href=\"http:\/\/tuewi.action.at\/en\/contact\">http:\/\/tuewi.action.at\/en\/contact<\/a><\/li>\n<\/ul>\n<p><strong>Allgemeines Reflexionstreffen<\/strong><\/p>\n<p>Es ist sicher auch sinnvoll \u00fcber die Vorbereitung und den Ablauf der Demo zu reflektieren um so m\u00f6gliche Schl\u00fcsse f\u00fcrs n\u00e4chste Mal ziehen zu k\u00f6nnen.<\/p>\n","protected":false},"excerpt":{"rendered":"<p>Geschrieben von Stefan H. Nach der Demo ist vor der Demo! Mit dem Ende einer Demo ist die Organisation einer Demo noch nicht beendet. Leider kommt es auf Demos oft zu Polizeigewalt, Verhaftungen und sonstiger Repression gegen Demoteilnehmer_innen. Oftmals werden Menschen w\u00e4hrend oder im Umfeld der Demo von der Polizei angehalten, die Identit\u00e4t festgestellt oder &hellip; <a href=\"https:\/\/at.rechtsinfokollektiv.org\/?page_id=51\" class=\"more-link\"><span class=\"screen-reader-text\">Treffen mit Repressions-Betroffenen<\/span> weiterlesen <span class=\"meta-nav\">&rarr;<\/span><\/a><\/p>\n","protected":false},"author":1,"featured_media":0,"parent":23,"menu_order":0,"comment_status":"open","ping_status":"open","template":"","meta":{"footnotes":""},"class_list":["post-51","page","type-page","status-publish","hentry"],"_links":{"self":[{"href":"https:\/\/at.rechtsinfokollektiv.org\/index.php?rest_route=\/wp\/v2\/pages\/51","targetHints":{"allow":["GET"]}}],"collection":[{"href":"https:\/\/at.rechtsinfokollektiv.org\/index.php?rest_route=\/wp\/v2\/pages"}],"about":[{"href":"https:\/\/at.rechtsinfokollektiv.org\/index.php?rest_route=\/wp\/v2\/types\/page"}],"author":[{"embeddable":true,"href":"https:\/\/at.rechtsinfokollektiv.org\/index.php?rest_route=\/wp\/v2\/users\/1"}],"replies":[{"embeddable":true,"href":"https:\/\/at.rechtsinfokollektiv.org\/index.php?rest_route=%2Fwp%2Fv2%2Fcomments&post=51"}],"version-history":[{"count":0,"href":"https:\/\/at.rechtsinfokollektiv.org\/index.php?rest_route=\/wp\/v2\/pages\/51\/revisions"}],"up":[{"embeddable":true,"href":"https:\/\/at.rechtsinfokollektiv.org\/index.php?rest_route=\/wp\/v2\/pages\/23"}],"wp:attachment":[{"href":"https:\/\/at.rechtsinfokollektiv.org\/index.php?rest_route=%2Fwp%2Fv2%2Fmedia&parent=51"}],"curies":[{"name":"wp","href":"https:\/\/api.w.org\/{rel}","templated":true}]}}