{"id":53,"date":"2011-12-20T23:57:39","date_gmt":"2011-12-20T23:57:39","guid":{"rendered":"http:\/\/at.rechtsinfokollektiv.org\/?page_id=53"},"modified":"2021-12-08T18:35:17","modified_gmt":"2021-12-08T17:35:17","slug":"nicht-osterreichische-staatsburger_innenschaft","status":"publish","type":"page","link":"https:\/\/at.rechtsinfokollektiv.org\/?page_id=53","title":{"rendered":"Nicht-\u00f6sterreichische Staatsb\u00fcrger_innenschaft"},"content":{"rendered":"<p>&#8212;&#8212;-Seit 23.5.2017 sind \u00c4nderungen im Versammlungsrecht eingetreten, die insbesondere auch Personen ohne \u00f6sterreichische Staatsb\u00fcrgerschaft betreffen, dieser Artikel wird \u00fcber den Sommer aktualisiert und ist derzeit nicht am letzten Stand&#8212;&#8212;-<\/p>\n<p><strong>Eingeschr\u00e4nktes Versammlungsrecht<\/strong><\/p>\n<p>Obwohl das Versammlungsrecht nach <a title=\"Art 11 Europ\u00e4ische Menschenrechtskonvention\" href=\"https:\/\/riko.diebin.at\/wp-content\/uploads\/2012\/01\/Art-11-emrk.pdf\" target=\"_blank\" rel=\"noopener\">Art 11 EMRK<\/a> ein Menschenrecht ist, haben Menschen, die keine \u00f6sterreichische Staatsb\u00fcrger_innenschaft haben, in \u00d6sterreich nur ein eingeschr\u00e4nktes Recht zu demonstrieren. Lediglich die Teilnahme an Demonstrationen ist f\u00fcr nicht-\u00f6sterreichische Staatsb\u00fcrger_innen rechtlich zul\u00e4ssig.<\/p>\n<p>Menschen, die keine \u00f6sterreichische Staatsb\u00fcrger_innenschaft haben, d\u00fcrfen gem\u00e4\u00df \u00a7 8 Versammlungsgesetz weder Demos anmelden, diese <a title=\"Demoleitung\" href=\"https:\/\/at.rechtsinfokollektiv.org\/?page_id=47\" target=\"_blank\" rel=\"noopener\">leiten<\/a>, noch <a title=\"Demoleitung\" href=\"https:\/\/at.rechtsinfokollektiv.org\/?page_id=47\" target=\"_blank\" rel=\"noopener\">Ordner_in<\/a> einer Versammlung sein.<\/p>\n<p><strong>Ausweispflicht &#8211; Polizeikontrollen<\/strong><\/p>\n<p>Menschen, die nicht die \u00f6sterreichische Staatsb\u00fcrger_innenschaft haben, m\u00fcssen in \u00d6sterreich gem\u00e4\u00df \u00a7 32 FPG (Fremdenpolizeigesetz) ihren Reisepass oder andere Reisedokumente (Visum) bei sich tragen oder diese so aufbewahren, dass sie nicht l\u00e4nger als eine Stunde brauchen um die Dokumente zu holen. Da es auf Demonstrationen immer wieder &#8211; zum Teil wegen Zwischenf\u00e4llen &#8211; zu Ausweiskontrollen kommen kann, ist es als nicht-\u00f6sterreichischeR Staatsb\u00fcrger_in ratsam seinen bzw ihren Reisepass auf Demonstrationen mitzunehmen.<\/p>\n<p>Die Polizei kann aus bestimmten Gr\u00fcnden bei jedem Menschen die <a title=\"Personenkontrollen und Befehle\" href=\"https:\/\/at.rechtsinfokollektiv.org\/?page_id=577\" target=\"_blank\" rel=\"noopener\">Identit\u00e4t kontrollieren bzw feststellen<\/a>. Bei Menschen, die keine \u00f6sterreichische Staatsb\u00fcrger_innenschaft haben, hat die Polizei gem\u00e4\u00df \u00a7 34 FPG zus\u00e4tzliche M\u00f6glichkeiten. Etwa wenn die Polizei aufgrund bestimmter Tatsachen annimmt eine Person ist rechtswidrig nach \u00d6sterreich eingereist oder h\u00e4lt sich hier rechtswidrig auf. Eine derartige Annahme ist in der Praxis f\u00fcr die Polizei schnell gefunden. Sehr oft gibt es f\u00fcr derartige Kontrollen rassistische Motive wie etwa Aussehen, insbesondere Hautfarbe etc. Eine Identit\u00e4tskontrolle beinhaltet nur deinen Name, Geburtsdatum, Staatsangeh\u00f6rigkeit und deine Wohnanschrift &#8211; mehr nicht!<\/p>\n<p>Wir empfehlen &#8211; wie bei jeder Kontrolle &#8211; zu erfragen, wieso eine Kontrolle vorgenommen wird. Welche genauen Gr\u00fcnde die Polizei hat und auf welche Tatsachen sie diese Gr\u00fcnde st\u00fctzt. Verhindern l\u00e4sst sich eine derartige Identit\u00e4tskontrolle leider nicht, da eine Verweigerung der Kontrolle die Polizei zu einer &#8220;<strong>Festnahme<\/strong>&#8220; nach \u00a7 39 FPG berechtigt. Eine Festnahme ist in diesen F\u00e4llen bis zu 24 Stunden zul\u00e4ssig, danach musst du freigelassen werden. In bestimmten F\u00e4llen (ua. aufrechte Ausweisung, Aufenthaltsverbot, Festnahmeauftrag) ist eine l\u00e4ngere Anhaltung von 48 Stunden bzw 72 Stunden zul\u00e4ssig.<\/p>\n<p>Die Polizei kann dich aus bestimmten Gr\u00fcnden gem\u00e4\u00df \u00a7 99 FPG &#8222;<strong>erkennungsdienstlich<\/strong>&#8220; behandeln&#8220;. Das hei\u00dft die Polizei wird berechtigt dich zu fotografieren, filmen, eine Schrift\/Stimmprobe oder Fingerabdr\u00fccke abzunehmen. Dies ist insbesondere der Fall, wenn die Polizei annimmt, dass du nicht die \u00f6sterreichische Staatsb\u00fcrger_innenschaft hast und dich nicht ausweisen kannst.<\/p>\n<p><strong>Folgen bei Verwaltungs\u00fcbertretungen<\/strong><\/p>\n<p>Gegen Drittstaatangeh\u00f6rige (=nicht EWR Angeh\u00f6rige) kann bei bestimmten Verwaltungs\u00fcbertretungen ein <strong>Einreise- und Aufenthaltsverbot<\/strong> gem\u00e4\u00df \u00a7 53 FPG und \u00a7 63 FPG verh\u00e4ngt werden. Eine rechtskr\u00e4ftige Verwaltungs\u00fcbertretung wegen beispielsweise Versto\u00dfes gegen das Versammlungsgesetz nach \u00a7 14 Versammlungsgesetz, St\u00f6rung der \u00f6ffentlichen Ordnung nach \u00a7 81 SPG oder aggressiven Verhaltens gegen\u00fcber BeamtInnen nach \u00a7 82 SPG kann daf\u00fcr schon ausreichen.<\/p>\n<p>Das Verfahren muss abgeschlossen sein, damit die Fremdenbeh\u00f6rde ein Einreise- oder Aufenthaltsverbot aufgrund der Verwaltungs\u00fcbertretung aussprechen kann. Solange du also noch Einspruch erhoben hast oder noch keine endg\u00fcltige Entscheidung der Beh\u00f6rde da ist, darf diese Rechtsfolge daher noch nicht eintreten. Auf die Strafh\u00f6he kommt es dabei nicht an. Achte daher gerade bei <a title=\"Aufl\u00f6sung einer Demo und Konsequenzen\" href=\"https:\/\/at.rechtsinfokollektiv.org\/?page_id=240\" target=\"_blank\" rel=\"noopener\">Versammlungsaufl\u00f6sungen<\/a> und <a title=\"Spontandemonstration\" href=\"https:\/\/at.rechtsinfokollektiv.org\/?page_id=228\" target=\"_blank\" rel=\"noopener\">spontanen Demonstrationen<\/a>, dass du durch deine Teilnahme ein bestimmtes Risiko eingehst.<\/p>\n","protected":false},"excerpt":{"rendered":"<p>&#8212;&#8212;-Seit 23.5.2017 sind \u00c4nderungen im Versammlungsrecht eingetreten, die insbesondere auch Personen ohne \u00f6sterreichische Staatsb\u00fcrgerschaft betreffen, dieser Artikel wird \u00fcber den Sommer aktualisiert und ist derzeit nicht am letzten Stand&#8212;&#8212;- Eingeschr\u00e4nktes Versammlungsrecht Obwohl das Versammlungsrecht nach Art 11 EMRK ein Menschenrecht ist, haben Menschen, die keine \u00f6sterreichische Staatsb\u00fcrger_innenschaft haben, in \u00d6sterreich nur ein eingeschr\u00e4nktes Recht zu &hellip; <a href=\"https:\/\/at.rechtsinfokollektiv.org\/?page_id=53\" class=\"more-link\"><span class=\"screen-reader-text\">Nicht-\u00f6sterreichische Staatsb\u00fcrger_innenschaft<\/span> weiterlesen <span class=\"meta-nav\">&rarr;<\/span><\/a><\/p>\n","protected":false},"author":1,"featured_media":0,"parent":182,"menu_order":0,"comment_status":"open","ping_status":"open","template":"","meta":{"footnotes":""},"class_list":["post-53","page","type-page","status-publish","hentry"],"_links":{"self":[{"href":"https:\/\/at.rechtsinfokollektiv.org\/index.php?rest_route=\/wp\/v2\/pages\/53","targetHints":{"allow":["GET"]}}],"collection":[{"href":"https:\/\/at.rechtsinfokollektiv.org\/index.php?rest_route=\/wp\/v2\/pages"}],"about":[{"href":"https:\/\/at.rechtsinfokollektiv.org\/index.php?rest_route=\/wp\/v2\/types\/page"}],"author":[{"embeddable":true,"href":"https:\/\/at.rechtsinfokollektiv.org\/index.php?rest_route=\/wp\/v2\/users\/1"}],"replies":[{"embeddable":true,"href":"https:\/\/at.rechtsinfokollektiv.org\/index.php?rest_route=%2Fwp%2Fv2%2Fcomments&post=53"}],"version-history":[{"count":6,"href":"https:\/\/at.rechtsinfokollektiv.org\/index.php?rest_route=\/wp\/v2\/pages\/53\/revisions"}],"predecessor-version":[{"id":3308,"href":"https:\/\/at.rechtsinfokollektiv.org\/index.php?rest_route=\/wp\/v2\/pages\/53\/revisions\/3308"}],"up":[{"embeddable":true,"href":"https:\/\/at.rechtsinfokollektiv.org\/index.php?rest_route=\/wp\/v2\/pages\/182"}],"wp:attachment":[{"href":"https:\/\/at.rechtsinfokollektiv.org\/index.php?rest_route=%2Fwp%2Fv2%2Fmedia&parent=53"}],"curies":[{"name":"wp","href":"https:\/\/api.w.org\/{rel}","templated":true}]}}