{"id":531,"date":"2012-01-20T17:59:17","date_gmt":"2012-01-20T17:59:17","guid":{"rendered":"http:\/\/at.rechtsinfokollektiv.org\/?page_id=531"},"modified":"2021-12-08T18:55:40","modified_gmt":"2021-12-08T17:55:40","slug":"rechtshilfe","status":"publish","type":"page","link":"https:\/\/at.rechtsinfokollektiv.org\/?page_id=531","title":{"rendered":"Rechtshilfe w\u00e4hrend der Demo"},"content":{"rendered":"<h4><strong>Was ist eine Rechtshilfe?<\/strong><\/h4>\n<p>Eine Rechtshilfe betreut w\u00e4hrend Demos oder Aktionen eine Notfall-Telefonnummer. Du kannst die Nummer anrufen, wenn du festgenommen wirst bzw. mitbekommst, dass andere Personen festgenommen werden. Eine Rechtshilfe versucht dann der, dem oder den Betroffenen zu helfen und im schlimmsten Fall einen Anwalt oder eine Anw\u00e4ltin zu vermitteln. Eine Rechtshilfe achtet auch darauf, dass keine_r bei der Polizei &#8222;verschwindet&#8220; oder &#8222;vergessen wird&#8220;.<\/p>\n<p>Bist du selbst festgenommen worden, hast du das <a title=\"Festnahme\" href=\"https:\/\/at.rechtsinfokollektiv.org\/?page_id=242\" target=\"_blank\" rel=\"noopener\">Recht auf zwei erfolgreiche (!) Anrufe<\/a>. Es kann hilfreich sein, einen Anruf f\u00fcr ein Gespr\u00e4ch mit der Rechtshilfe zu nutzen. Sie kann dich \u00fcber deine Rechte informieren und dir bei Bedarf eine_n Anw\u00e4lt_in vermitteln.<\/p>\n<p>In Deutschland hei\u00dft diese Art der Rechtshilfe &#8220;Ermittlungsausschuss&#8220;.<\/p>\n<h4><strong>Wie bekomme ich die Rechtshilfe-Nummer?<\/strong><\/h4>\n<p>Im Idealfall werden auf einer Demonstration Flyer mit der aktuellen Rechtshilfenummer verteilt, die f\u00fcr die Zeit der Demo erreichbar ist. Oft wird die Rechtshilfenummer auch von den Demoorganisator_innen auf ihrer Webseite, Twitter, Instagram,&#8230; bekannt gegeben. Am Besten<strong> schreibst du dir die Nummer mit wasserfestem Stift auf den Arm oder das Bein<\/strong>. So kannst du die Rechtshilfenummer nie verlieren, auch nicht wenn du festgenommen wirst und dir alles abgenommen wird.<\/p>\n<h4><strong>Was sage ich am Telefon (nicht)?<\/strong><\/h4>\n<p>Du musst davon ausgehen, dass die Rechtshilfenummer unter Umst\u00e4nden von der Polizei und Verfassungsschutz \u00fcberwacht und abgeh\u00f6rt wird. Auch ist es m\u00f6glich, dass dein eigenes Handy \u00fcberwacht wird oder die Polizei mit einem <a title=\"\u00dcberwachung mit IMSI Catchern\" href=\"https:\/\/at.rechtsinfokollektiv.org\/?page_id=435\" target=\"_blank\" rel=\"noopener\">IMSI-Catcher<\/a> mith\u00f6rt.<\/p>\n<p>Was dich und andere belasten k\u00f6nnte, sollte am Telefon sowieso nie erw\u00e4hnt werden. Auch Namen solltest du nur erw\u00e4hnen, wenn die Person mit Sicherheit festgenommen worden ist. Die Rechtshilfe interessiert in der Regel nur wer und wieviele betroffen sind und was die Polizei den festgenommenen Personen vorwirft.<\/p>\n<p>Wenn du selbst betroffen bist, informiere die Rechtshilfe, dass du festgenommen wurdest. Wenn du mitbekommst, dass Menschen festgenommen werden, informiere die Rechtshilfe wer (Namen und Geburtsdatum der festgenommenen Person) betroffen ist.<\/p>\n<p>Dein Anruf bei der Rechtshilfe:<\/p>\n<ul>\n<li>Wer ist wo festgenommen worden?<\/li>\n<li>Wohin ist er\/sie gebracht worden bzw als betroffene Person, wo bist du?<\/li>\n<li>Was wird dir oder ihm\/ihr vorgeworfen (NICHT was wirklich oder angeblich passiert ist)?<\/li>\n<li>F\u00fcr Festgenommene: Sollen wir wen verst\u00e4ndigen? Brauchst du was?<\/li>\n<li>Wen du frei kommst, informiere die Rechtshilfe!<\/li>\n<\/ul>\n<h4><strong>Nachbereitung<\/strong><\/h4>\n<p>Solltest du bei einer Demonstration <a title=\"Festnahme\" href=\"https:\/\/at.rechtsinfokollektiv.org\/?page_id=242\" target=\"_blank\" rel=\"noopener\">festgenommen<\/a> worden sein und\/oder dir ein Straf- oder <a title=\"Verwaltungsstrafverfahren\" href=\"https:\/\/at.rechtsinfokollektiv.org\/?page_id=216\" target=\"_blank\" rel=\"noopener\">Verwaltungsstrafverfahren<\/a> drohen oder schon begonnen haben, kann dir die Rechtshilfe weiterhelfen und bei Bedarf Anw\u00e4lt_innen vermitteln.<\/p>\n<p>Oft gibt es nach Demos auch <a title=\"Treffen mit Repressions-Betroffenen\" href=\"https:\/\/at.rechtsinfokollektiv.org\/?page_id=51\" target=\"_blank\" rel=\"noopener\">Nachbereitungstreffen<\/a> f\u00fcr Betroffene, wenn es mehrere Festnahmen und\/oder Identit\u00e4tsfeststellungen gab. Dort kannst du Fragen stellen und dich \u00fcber deine rechtlichen M\u00f6glichkeiten informieren. Es ist sinnvoll sich schon im Vorhinein zu informieren, was zu tun ist, wenn du einen blauen Brief von der Polizei bekommst. F\u00fcr einen Einspruch im Verwaltungsstrafverfahren hast du n\u00e4mlich nur 14 Tage ab Zustellung Zeit.<\/p>\n","protected":false},"excerpt":{"rendered":"<p>Was ist eine Rechtshilfe? Eine Rechtshilfe betreut w\u00e4hrend Demos oder Aktionen eine Notfall-Telefonnummer. Du kannst die Nummer anrufen, wenn du festgenommen wirst bzw. mitbekommst, dass andere Personen festgenommen werden. Eine Rechtshilfe versucht dann der, dem oder den Betroffenen zu helfen und im schlimmsten Fall einen Anwalt oder eine Anw\u00e4ltin zu vermitteln. Eine Rechtshilfe achtet auch &hellip; <a href=\"https:\/\/at.rechtsinfokollektiv.org\/?page_id=531\" class=\"more-link\"><span class=\"screen-reader-text\">Rechtshilfe w\u00e4hrend der Demo<\/span> weiterlesen <span class=\"meta-nav\">&rarr;<\/span><\/a><\/p>\n","protected":false},"author":1,"featured_media":0,"parent":187,"menu_order":0,"comment_status":"open","ping_status":"open","template":"","meta":{"footnotes":""},"class_list":["post-531","page","type-page","status-publish","hentry"],"_links":{"self":[{"href":"https:\/\/at.rechtsinfokollektiv.org\/index.php?rest_route=\/wp\/v2\/pages\/531","targetHints":{"allow":["GET"]}}],"collection":[{"href":"https:\/\/at.rechtsinfokollektiv.org\/index.php?rest_route=\/wp\/v2\/pages"}],"about":[{"href":"https:\/\/at.rechtsinfokollektiv.org\/index.php?rest_route=\/wp\/v2\/types\/page"}],"author":[{"embeddable":true,"href":"https:\/\/at.rechtsinfokollektiv.org\/index.php?rest_route=\/wp\/v2\/users\/1"}],"replies":[{"embeddable":true,"href":"https:\/\/at.rechtsinfokollektiv.org\/index.php?rest_route=%2Fwp%2Fv2%2Fcomments&post=531"}],"version-history":[{"count":7,"href":"https:\/\/at.rechtsinfokollektiv.org\/index.php?rest_route=\/wp\/v2\/pages\/531\/revisions"}],"predecessor-version":[{"id":3336,"href":"https:\/\/at.rechtsinfokollektiv.org\/index.php?rest_route=\/wp\/v2\/pages\/531\/revisions\/3336"}],"up":[{"embeddable":true,"href":"https:\/\/at.rechtsinfokollektiv.org\/index.php?rest_route=\/wp\/v2\/pages\/187"}],"wp:attachment":[{"href":"https:\/\/at.rechtsinfokollektiv.org\/index.php?rest_route=%2Fwp%2Fv2%2Fmedia&parent=531"}],"curies":[{"name":"wp","href":"https:\/\/api.w.org\/{rel}","templated":true}]}}